{"id":768,"date":"2018-10-15T12:21:22","date_gmt":"2018-10-15T10:21:22","guid":{"rendered":"http:\/\/rita-dachner.com\/?page_id=768"},"modified":"2021-07-28T14:21:25","modified_gmt":"2021-07-28T12:21:25","slug":"arbeitszeugnis-meiner-urgrossmutter-1918","status":"publish","type":"page","link":"https:\/\/arin-dachner.com\/de\/uebersetzung-ihrer-alten-dokumente\/blog\/arbeitszeugnis-meiner-urgrossmutter-1918\/","title":{"rendered":"Arbeitszeugnis meiner Urgro\u00dfmutter, 1918"},"content":{"rendered":"\n<p>Sicherlich haben sich Arbeitgeber_innen auch vor knapp 100 Jahren schon den Kopf zerbrochen bei der Frage, was sie ihren Angestellten ins Arbeitszeugnis schreiben sollen. Das wird nicht viel anders gewesen sein als heute &#8211; jedoch mit dem Unterschied, dass es damals noch keine codierte &#8222;Zeugnissprache&#8220; gab und keine vorgefertigten Textbausteine.<\/p>\n\n\n\n<div class=\"wp-block-image wp-image-771 size-large\"><figure class=\"aligncenter\"><img data-opt-id=1907362380  fetchpriority=\"high\" decoding=\"async\" width=\"724\" height=\"1024\" src=\"https:\/\/mliqe6kzzid7.i.optimole.com\/w:724\/h:1024\/q:mauto\/f:best\/https:\/\/arin-dachner.com\/wp-content\/uploads\/2018\/10\/ZeugnisLilliDüllmann.jpg\" alt=\"Ein handschriftlich verfasstes Arbeitszeugnis, in Kurrent geschrieben.\" class=\"wp-image-771\" srcset=\"https:\/\/mliqe6kzzid7.i.optimole.com\/w:724\/h:1024\/q:mauto\/f:best\/https:\/\/arin-dachner.com\/wp-content\/uploads\/2018\/10\/ZeugnisLilliD\u00fcllmann.jpg 724w, https:\/\/mliqe6kzzid7.i.optimole.com\/w:212\/h:300\/q:mauto\/f:best\/https:\/\/arin-dachner.com\/wp-content\/uploads\/2018\/10\/ZeugnisLilliD\u00fcllmann.jpg 212w, https:\/\/mliqe6kzzid7.i.optimole.com\/w:763\/h:1080\/q:mauto\/f:best\/https:\/\/arin-dachner.com\/wp-content\/uploads\/2018\/10\/ZeugnisLilliD\u00fcllmann.jpg 768w\" sizes=\"(max-width: 724px) 100vw, 724px\" \/><figcaption>Das Zeugnis im Original.<\/figcaption><\/figure><\/div>\n\n\n\n<p>Hier sehen Sie ein in<a href=\"https:\/\/arin-dachner.com\/de\/uebersetzung-ihrer-alten-dokumente\/alte-schriften-suetterlin-und-kurrent\/\"> Kurrentschrift<\/a> verfasstes Zeugnis, das meine Urgro\u00dfmutter 1918 f\u00fcr ihre Arbeit als K\u00f6chin erhalten hat. Ein Zeugnis, das zwar einige Schreibfehler enth\u00e4lt (die Autokorrekturfunktion war ja leider noch nicht erfunden \ud83d\ude09 ), das aber sehr wohlwollend geschrieben ist:<\/p>\n\n\n\n<p class=\"has-text-align-left\"><em>Waltrop, den 1. Nov 1918<\/em><\/p>\n\n\n\n<p class=\"has-text-align-left\"><em><span style=\"text-decoration: underline;\">Zeugnis<\/span><\/em><\/p>\n\n\n\n<p><em>Fr\u00e4ulein Lilli D\u00fcllmann aus Fley bei<\/em><br><em>Hagen war vom 1.Nov 1916 bis 1.Nov 1917 hier als<\/em><br><em>Lehrk\u00f6chin, und von da ab bis zum 1.Nov 1918 als<\/em><br><em>St\u00fctze t\u00e4tig. Sie hat sich w\u00e4hrend diese Zeit sehr<\/em><br><em>gut gef\u00fchrt, und sich durch Flei\u00df u Ehrlichkeit<\/em><br><em>ausgezeichnet. In der B\u00fcrgerlichen wie in der<\/em><br><em>feineren K\u00fcche wu\u00dfte Sie gutes mit Sparsamkeit<\/em><br><em>bestens zu verbinden, und war auf Ordnung u<\/em><br><em>Reinlichkeit bestens bedacht. Sie war ein<\/em><br><em>Muster ihren Untergebenen und bei den Kinder<\/em><br><em>sehr beliebt u geachtet. Wir sehen Sie somit<\/em><br><em>ungern scheiden. Es soll mir ein Vergn\u00fcgen<\/em><br><em>sein Sie als vertrauensw\u00fcrdige brave und<\/em><br><em>friedliche Person zu empfehlen, und wird<\/em><br><em>mit den hier erworbenen Kentnissen f\u00fcr<\/em><br><em>ihr sp\u00e4teres Leben entlassen<\/em><\/p>\n\n\n\n<p class=\"has-text-align-left\"><em> Achtungsvoll<\/em><br><em> Frau Jos. Schl\u00fcter<\/em><br><em> geb. Schulte Oer.<\/em><\/p>\n\n\n\n<p>(Schreibfehler und Zeilenumbr\u00fcche wie im Original)<\/p>\n","protected":false},"excerpt":{"rendered":"<p>Sicherlich haben sich Arbeitgeber_innen auch vor knapp 100 Jahren schon den Kopf zerbrochen bei der Frage, was sie ihren Angestellten ins Arbeitszeugnis schreiben sollen. Das wird nicht viel anders gewesen sein als heute &#8211; jedoch mit dem Unterschied, dass es damals noch keine codierte &#8222;Zeugnissprache&#8220; gab und keine vorgefertigten Textbausteine. Hier sehen Sie ein in &#8230; <\/p>\n<p class=\"read-more-container\"><a title=\"Arbeitszeugnis meiner Urgro\u00dfmutter, 1918\" class=\"read-more button\" href=\"https:\/\/arin-dachner.com\/de\/uebersetzung-ihrer-alten-dokumente\/blog\/arbeitszeugnis-meiner-urgrossmutter-1918\/#more-768\">Read more<span class=\"screen-reader-text\">Arbeitszeugnis meiner Urgro\u00dfmutter, 1918<\/span><\/a><\/p>\n","protected":false},"author":3,"featured_media":0,"parent":27,"menu_order":0,"comment_status":"closed","ping_status":"closed","template":"","meta":{"parvati_pageheader":"","_themeisle_gutenberg_block_has_review":false,"footnotes":""},"class_list":["post-768","page","type-page","status-publish"],"yoast_head":"<!-- This site is optimized with the Yoast SEO plugin v27.5 - https:\/\/yoast.com\/product\/yoast-seo-wordpress\/ -->\n<title>Arbeitszeugnis meiner Urgro\u00dfmutter, 1918 - Arin Dachner<\/title>\n<meta name=\"description\" content=\"Noch ein Beispiel f\u00fcr ein altes Dokument: ein hundert Jahre altes Arbeitszeugnis, in S\u00fctterlin geschrieben und von mir in moderne Schrift \u00fcbertragen.\" \/>\n<meta name=\"robots\" content=\"index, follow, max-snippet:-1, max-image-preview:large, max-video-preview:-1\" \/>\n<link rel=\"canonical\" href=\"https:\/\/arin-dachner.com\/de\/uebersetzung-ihrer-alten-dokumente\/blog\/arbeitszeugnis-meiner-urgrossmutter-1918\/\" \/>\n<meta property=\"og:locale\" content=\"de_DE\" \/>\n<meta property=\"og:type\" content=\"article\" \/>\n<meta property=\"og:title\" content=\"Arbeitszeugnis meiner Urgro\u00dfmutter, 1918 - Arin Dachner\" \/>\n<meta property=\"og:description\" content=\"Noch ein Beispiel f\u00fcr ein altes Dokument: ein hundert Jahre altes Arbeitszeugnis, in S\u00fctterlin geschrieben und von mir in moderne Schrift \u00fcbertragen.\" \/>\n<meta property=\"og:url\" content=\"https:\/\/arin-dachner.com\/de\/uebersetzung-ihrer-alten-dokumente\/blog\/arbeitszeugnis-meiner-urgrossmutter-1918\/\" \/>\n<meta property=\"og:site_name\" content=\"Arin Dachner\" \/>\n<meta property=\"article:modified_time\" content=\"2021-07-28T12:21:25+00:00\" \/>\n<meta name=\"twitter:card\" content=\"summary_large_image\" \/>\n<meta name=\"twitter:label1\" content=\"Gesch\u00e4tzte Lesezeit\" \/>\n\t<meta name=\"twitter:data1\" content=\"2\u00a0Minuten\" \/>\n<script type=\"application\/ld+json\" class=\"yoast-schema-graph\">{\"@context\":\"https:\\\/\\\/schema.org\",\"@graph\":[{\"@type\":\"WebPage\",\"@id\":\"https:\\\/\\\/arin-dachner.com\\\/de\\\/uebersetzung-ihrer-alten-dokumente\\\/blog\\\/arbeitszeugnis-meiner-urgrossmutter-1918\\\/\",\"url\":\"https:\\\/\\\/arin-dachner.com\\\/de\\\/uebersetzung-ihrer-alten-dokumente\\\/blog\\\/arbeitszeugnis-meiner-urgrossmutter-1918\\\/\",\"name\":\"Arbeitszeugnis meiner Urgro\u00dfmutter, 1918 - Arin Dachner\",\"isPartOf\":{\"@id\":\"https:\\\/\\\/arin-dachner.com\\\/de\\\/#website\"},\"datePublished\":\"2018-10-15T10:21:22+00:00\",\"dateModified\":\"2021-07-28T12:21:25+00:00\",\"description\":\"Noch ein Beispiel f\u00fcr ein altes Dokument: ein hundert Jahre altes Arbeitszeugnis, in S\u00fctterlin geschrieben und von mir in moderne Schrift \u00fcbertragen.\",\"breadcrumb\":{\"@id\":\"https:\\\/\\\/arin-dachner.com\\\/de\\\/uebersetzung-ihrer-alten-dokumente\\\/blog\\\/arbeitszeugnis-meiner-urgrossmutter-1918\\\/#breadcrumb\"},\"inLanguage\":\"de\",\"potentialAction\":[{\"@type\":\"ReadAction\",\"target\":[\"https:\\\/\\\/arin-dachner.com\\\/de\\\/uebersetzung-ihrer-alten-dokumente\\\/blog\\\/arbeitszeugnis-meiner-urgrossmutter-1918\\\/\"]}]},{\"@type\":\"BreadcrumbList\",\"@id\":\"https:\\\/\\\/arin-dachner.com\\\/de\\\/uebersetzung-ihrer-alten-dokumente\\\/blog\\\/arbeitszeugnis-meiner-urgrossmutter-1918\\\/#breadcrumb\",\"itemListElement\":[{\"@type\":\"ListItem\",\"position\":1,\"name\":\"Startseite\",\"item\":\"https:\\\/\\\/arin-dachner.com\\\/de\\\/\"},{\"@type\":\"ListItem\",\"position\":2,\"name\":\"Beispiele\",\"item\":\"https:\\\/\\\/arin-dachner.com\\\/de\\\/uebersetzung-ihrer-alten-dokumente\\\/blog\\\/\"},{\"@type\":\"ListItem\",\"position\":3,\"name\":\"Arbeitszeugnis meiner Urgro\u00dfmutter, 1918\"}]},{\"@type\":\"WebSite\",\"@id\":\"https:\\\/\\\/arin-dachner.com\\\/de\\\/#website\",\"url\":\"https:\\\/\\\/arin-dachner.com\\\/de\\\/\",\"name\":\"Arin Dachner\",\"description\":\"ein neuer Blick aufs Alte\",\"potentialAction\":[{\"@type\":\"SearchAction\",\"target\":{\"@type\":\"EntryPoint\",\"urlTemplate\":\"https:\\\/\\\/arin-dachner.com\\\/de\\\/?s={search_term_string}\"},\"query-input\":{\"@type\":\"PropertyValueSpecification\",\"valueRequired\":true,\"valueName\":\"search_term_string\"}}],\"inLanguage\":\"de\"}]}<\/script>\n<!-- \/ Yoast SEO plugin. -->","yoast_head_json":{"title":"Arbeitszeugnis meiner Urgro\u00dfmutter, 1918 - Arin Dachner","description":"Noch ein Beispiel f\u00fcr ein altes Dokument: ein hundert Jahre altes Arbeitszeugnis, in S\u00fctterlin geschrieben und von mir in moderne Schrift \u00fcbertragen.","robots":{"index":"index","follow":"follow","max-snippet":"max-snippet:-1","max-image-preview":"max-image-preview:large","max-video-preview":"max-video-preview:-1"},"canonical":"https:\/\/arin-dachner.com\/de\/uebersetzung-ihrer-alten-dokumente\/blog\/arbeitszeugnis-meiner-urgrossmutter-1918\/","og_locale":"de_DE","og_type":"article","og_title":"Arbeitszeugnis meiner Urgro\u00dfmutter, 1918 - Arin Dachner","og_description":"Noch ein Beispiel f\u00fcr ein altes Dokument: ein hundert Jahre altes Arbeitszeugnis, in S\u00fctterlin geschrieben und von mir in moderne Schrift \u00fcbertragen.","og_url":"https:\/\/arin-dachner.com\/de\/uebersetzung-ihrer-alten-dokumente\/blog\/arbeitszeugnis-meiner-urgrossmutter-1918\/","og_site_name":"Arin Dachner","article_modified_time":"2021-07-28T12:21:25+00:00","twitter_card":"summary_large_image","twitter_misc":{"Gesch\u00e4tzte Lesezeit":"2\u00a0Minuten"},"schema":{"@context":"https:\/\/schema.org","@graph":[{"@type":"WebPage","@id":"https:\/\/arin-dachner.com\/de\/uebersetzung-ihrer-alten-dokumente\/blog\/arbeitszeugnis-meiner-urgrossmutter-1918\/","url":"https:\/\/arin-dachner.com\/de\/uebersetzung-ihrer-alten-dokumente\/blog\/arbeitszeugnis-meiner-urgrossmutter-1918\/","name":"Arbeitszeugnis meiner Urgro\u00dfmutter, 1918 - Arin Dachner","isPartOf":{"@id":"https:\/\/arin-dachner.com\/de\/#website"},"datePublished":"2018-10-15T10:21:22+00:00","dateModified":"2021-07-28T12:21:25+00:00","description":"Noch ein Beispiel f\u00fcr ein altes Dokument: ein hundert Jahre altes Arbeitszeugnis, in S\u00fctterlin geschrieben und von mir in moderne Schrift \u00fcbertragen.","breadcrumb":{"@id":"https:\/\/arin-dachner.com\/de\/uebersetzung-ihrer-alten-dokumente\/blog\/arbeitszeugnis-meiner-urgrossmutter-1918\/#breadcrumb"},"inLanguage":"de","potentialAction":[{"@type":"ReadAction","target":["https:\/\/arin-dachner.com\/de\/uebersetzung-ihrer-alten-dokumente\/blog\/arbeitszeugnis-meiner-urgrossmutter-1918\/"]}]},{"@type":"BreadcrumbList","@id":"https:\/\/arin-dachner.com\/de\/uebersetzung-ihrer-alten-dokumente\/blog\/arbeitszeugnis-meiner-urgrossmutter-1918\/#breadcrumb","itemListElement":[{"@type":"ListItem","position":1,"name":"Startseite","item":"https:\/\/arin-dachner.com\/de\/"},{"@type":"ListItem","position":2,"name":"Beispiele","item":"https:\/\/arin-dachner.com\/de\/uebersetzung-ihrer-alten-dokumente\/blog\/"},{"@type":"ListItem","position":3,"name":"Arbeitszeugnis meiner Urgro\u00dfmutter, 1918"}]},{"@type":"WebSite","@id":"https:\/\/arin-dachner.com\/de\/#website","url":"https:\/\/arin-dachner.com\/de\/","name":"Arin Dachner","description":"ein neuer Blick aufs Alte","potentialAction":[{"@type":"SearchAction","target":{"@type":"EntryPoint","urlTemplate":"https:\/\/arin-dachner.com\/de\/?s={search_term_string}"},"query-input":{"@type":"PropertyValueSpecification","valueRequired":true,"valueName":"search_term_string"}}],"inLanguage":"de"}]}},"_links":{"self":[{"href":"https:\/\/arin-dachner.com\/de\/wp-json\/wp\/v2\/page\/768","targetHints":{"allow":["GET"]}}],"collection":[{"href":"https:\/\/arin-dachner.com\/de\/wp-json\/wp\/v2\/page"}],"about":[{"href":"https:\/\/arin-dachner.com\/de\/wp-json\/wp\/v2\/types\/page"}],"author":[{"embeddable":true,"href":"https:\/\/arin-dachner.com\/de\/wp-json\/wp\/v2\/users\/3"}],"replies":[{"embeddable":true,"href":"https:\/\/arin-dachner.com\/de\/wp-json\/wp\/v2\/comments?post=768"}],"version-history":[{"count":9,"href":"https:\/\/arin-dachner.com\/de\/wp-json\/wp\/v2\/page\/768\/revisions"}],"predecessor-version":[{"id":1101,"href":"https:\/\/arin-dachner.com\/de\/wp-json\/wp\/v2\/page\/768\/revisions\/1101"}],"up":[{"embeddable":true,"href":"https:\/\/arin-dachner.com\/de\/wp-json\/wp\/v2\/page\/27"}],"wp:attachment":[{"href":"https:\/\/arin-dachner.com\/de\/wp-json\/wp\/v2\/media?parent=768"}],"curies":[{"name":"wp","href":"https:\/\/api.w.org\/{rel}","templated":true}]}}