{"id":639,"date":"2018-05-25T14:16:41","date_gmt":"2018-05-25T12:16:41","guid":{"rendered":"http:\/\/rita-dachner.com\/?page_id=639"},"modified":"2025-04-10T15:32:57","modified_gmt":"2025-04-10T13:32:57","slug":"datenschutzhinweis","status":"publish","type":"page","link":"https:\/\/arin-dachner.com\/de\/datenschutzhinweis\/","title":{"rendered":"Datenschutzhinweis"},"content":{"rendered":"\n<h5 class=\"wp-block-heading\"><strong>1. Wer ist verantwortlich f\u00fcr die Datenverarbeitung auf dieser Seite?<\/strong><\/h5>\n\n\n\n<p>Arin Dachner<br>Pankower Allee 75a<br>13409 Berlin<br>&#99;&#x6f;n&#116;&#x61;c&#x74;&#x40;&#97;&#x72;i&#110;&#x2d;d&#97;&#x63;&#104;&#x6e;e&#114;&#x2e;c&#111;&#x6d;<\/p>\n\n\n\n<h5 class=\"wp-block-heading\"><strong>2. Welche Daten werden bei Ihrem Besuch meiner Webseite erfasst?<\/strong><\/h5>\n\n\n\n<p>Die Nutzung meiner Webseite ist grunds\u00e4tzlich ohne Angabe personenbezogener Daten m\u00f6glich. Es findet keine Nutzungsanalyse statt. Allerdings \u00fcbermittelt Ihr Browser systembedingt Informationen an den Server. Diese werden nicht ausgewertet.<\/p>\n\n\n\n<h5 class=\"wp-block-heading\"><strong>3. Welche Daten werden bei der Nutzung des Kontaktformulars erhoben?<\/strong><\/h5>\n\n\n\n<p class=\"western\">Auf meiner Internetseite ist ein Kontaktformular vorhanden. Wenn Sie mich mit Hilfe dieses Formulars kontaktieren, werden die von Ihnen eingegeben Daten an mich \u00fcbermittelt und gespeichert. Dabei handelt es sich um einen Namen (das muss nicht Ihr echter Name sein), eine eMail-Adresse und die von Ihnen eingegebene Nachricht. Diese Angaben werden f\u00fcr die Bearbeitung der Anfrage und f\u00fcr den Fall von Anschlussfragen von mir gespeichert. Zudem werden bei der Absendung des Formulars folgende Daten gespeichert: Datum und Uhrzeit der Absendung, IP-Adresse und der verwendete Browsertyp sowie dessen Version.<\/p>\n\n\n\n<p class=\"western\">Alternativ ist eine Kontaktaufnahme \u00fcber die bereitgestellte eMail-Adresse m\u00f6glich. Die mit der eMail versendeten Daten werden ebenfalls ausschlie\u00dflich f\u00fcr die Bearbeitung Ihrer Anfrage verwendet.<\/p>\n\n\n\n<p class=\"western\">Sie haben jederzeit die M\u00f6glichkeit, Ihre Einwilligung zur Verarbeitung der personenbezogenen Daten zu widerrufen, indem Sie sich per eMail oder Kontaktformular an mich wenden.<\/p>\n\n\n\n<h5 class=\"wp-block-heading\"><strong>4. Welche Daten werden bei der Nutzung meiner Cloud erhoben?<\/strong><\/h5>\n\n\n\n<p>Wenn Sie mehr als nur ein paar Seiten transkribieren \/ \u00fcbersetzen lassen wollen, werde ich Ihnen per eMail einen Link zu einem individuellen Ordner auf meiner Cloud schicken. Dort k\u00f6nnen Sie Dokumente hochladen, ver\u00e4ndern und herunterladen. <\/p>\n\n\n\n<p>Die Cloud wird von mir selbst betrieben. Dritte sind nicht involviert und haben keinen Zugriff auf einzelne Ordner, solange niemand den individuellen Link an sie weitergibt. Auf Ihren Wunsch hin werde ich den Ordner zus\u00e4tzlich mit einem Passwort sch\u00fctzen.<\/p>\n\n\n\n<p>Bei der Nutzung werden folgende Daten erhoben: Die hochgeladenen oder ver\u00e4nderten Dokumente werden gespeichert, und es wird festgehalten, wann Dateien ver\u00e4ndert \/ hochgeladen \/ heruntergeladen wurden. Dar\u00fcber hinaus findet keine Auswertung Ihrer Nutzung statt. <\/p>\n\n\n\n<p>Die Dateien in jedem individuellen Ordner werden von mir sp\u00e4testens sechs Monate nach Beendigung des damit verbundenen Auftrags gel\u00f6scht oder, wenn kein Auftrag zustande gekommen ist, sp\u00e4testens sechs Monate nach dem Hochladen.<\/p>\n\n\n\n<h5 class=\"wp-block-heading\"><strong>5. Wof\u00fcr werden Ihre Daten NICHT verwendet?<\/strong><\/h5>\n\n\n\n<p>Ihre Daten werden von mir<\/p>\n\n\n\n<ul class=\"wp-block-list\">\n<li>nicht f\u00fcr Werbung verwendet<\/li>\n\n\n\n<li>nicht zur Erstellung von Profilen benutzt<\/li>\n\n\n\n<li>nicht an Dritte weitergegeben<\/li>\n<\/ul>\n\n\n\n<h5 class=\"wp-block-heading\"><strong>6. Ihre Rechte gem\u00e4\u00df DSGVO<\/strong><\/h5>\n\n\n\n<h6 class=\"wp-block-heading\">Auskunftsrecht (Art. 15 DSGVO)<\/h6>\n\n\n\n<p>Sie haben das Recht, Auskunft \u00fcber Ihre von mir verarbeiteten personenbezogenen Daten zu verlangen. Insbesondere k\u00f6nnen Sie Auskunft \u00fcber die Verarbeitungszwecke, die Kategorie der personenbezogenen Daten, die geplante Speicherdauer und \u00fcber ihre Rechte gem\u00e4\u00df der DSGVO.<\/p>\n\n\n\n<h6 class=\"wp-block-heading\">Recht auf Berichtigung (Art. 16 DSGVO)<\/h6>\n\n\n\n<p>Sie k\u00f6nnen unverz\u00fcglich die Berichtigung oder Vervollst\u00e4ndigung Ihrer bei mir gespeicherten personenbezogenen Daten verlangen.<\/p>\n\n\n\n<h6 class=\"wp-block-heading\">Recht auf L\u00f6schung (Art. 17 DSGVO)<\/h6>\n\n\n\n<p>Sie haben das Recht, die L\u00f6schung Ihrer bei mir gespeicherten personenbezogenen Daten zu verlangen, soweit nicht die Verarbeitung zur Aus\u00fcbung des Rechts auf freie Meinungs\u00e4u\u00dferung und Information, zur Erf\u00fcllung einer rechtlichen Verpflichtung, aus Gr\u00fcnden des \u00f6ffentlichen Interesses oder zur Geltendmachung, Aus\u00fcbung oder Verteidigung von Rechtsanspr\u00fcchen erforderlich ist.<\/p>\n\n\n\n<h6 class=\"wp-block-heading\">Recht auf Einschr\u00e4nkung der Verarbeitung (Art. 18 DSGVO)<\/h6>\n\n\n\n<p>Sie k\u00f6nnen die Einschr\u00e4nkung der Verarbeitung Ihrer personenbezogenen Daten verlangen.<\/p>\n\n\n\n<h6 class=\"wp-block-heading\">Recht auf Daten\u00fcbertragbarkeit (Art. 20 DSGVO)<\/h6>\n\n\n\n<p>Sie haben das Recht, Ihre personenbezogenen Daten, die Sie mir bereitgestellt haben, in einem strukturierten, g\u00e4ngigen und maschinenlesbaren Format zu erhalten oder die \u00dcbermittlung an einen anderen Verantwortlichen zu verlangen.<\/p>\n\n\n\n<h6 class=\"wp-block-heading\">Widerspruchsrecht (Art. 21 DSGVO)<\/h6>\n\n\n\n<p>Sofern Ihre personenbezogenen Daten auf Grundlage von berechtigten Interessen gem\u00e4\u00df Art. 6 Abs. 1 S. 1 lit. f DSGVO verarbeitet werden, haben Sie das Recht, Widerspruch gegen die Verarbeitung Ihrer personenbezogenen Daten einzulegen, soweit daf\u00fcr Gr\u00fcnde vorliegen, die sich aus Ihrer besonderen Situation ergeben.<\/p>\n\n\n\n<h6 class=\"wp-block-heading\">Recht auf Widerruf der Einwilligung (Art. 7 DSGVO)<\/h6>\n\n\n\n<p class=\"western\">Sie haben das Recht, Ihre datenschutzrechtliche Einwilligungserkl\u00e4rung jederzeit zu widerrufen. Durch den Widerruf der Einwilligung wird die Rechtm\u00e4\u00dfigkeit der aufgrund der Einwilligung bis zum Widerruf erfolgten Verarbeitung nicht ber\u00fchrt.<\/p>\n\n\n\n<h6 class=\"wp-block-heading\">Recht auf Beschwerde (Art. 77 DSGVO)<\/h6>\n\n\n\n<p>Sie haben die M\u00f6glichkeit, sich bei einer Aufsichtsbeh\u00f6rde zu beschweren, wenn Sie der Ansicht sind, dass die Verarbeitung der Sie betreffenden personenbezogenen Daten gegen die DSGVO verst\u00f6\u00dft.<\/p>\n","protected":false},"excerpt":{"rendered":"<p>1. Wer ist verantwortlich f\u00fcr die Datenverarbeitung auf dieser Seite? Arin DachnerPankower Allee 75a13409 Berlin 2. Welche Daten werden bei Ihrem Besuch meiner Webseite erfasst? Die Nutzung meiner Webseite ist grunds\u00e4tzlich ohne Angabe personenbezogener Daten m\u00f6glich. Es findet keine Nutzungsanalyse statt. Allerdings \u00fcbermittelt Ihr Browser systembedingt Informationen an den Server. Diese werden nicht ausgewertet. 3. &#8230; <\/p>\n<p class=\"read-more-container\"><a title=\"Datenschutzhinweis\" class=\"read-more button\" href=\"https:\/\/arin-dachner.com\/de\/datenschutzhinweis\/#more-639\">Read more<span class=\"screen-reader-text\">Datenschutzhinweis<\/span><\/a><\/p>\n","protected":false},"author":3,"featured_media":0,"parent":0,"menu_order":0,"comment_status":"closed","ping_status":"closed","template":"","meta":{"parvati_pageheader":"","_themeisle_gutenberg_block_has_review":false,"footnotes":""},"class_list":["post-639","page","type-page","status-publish"],"yoast_head":"<!-- This site is optimized with the Yoast SEO plugin v27.5 - https:\/\/yoast.com\/product\/yoast-seo-wordpress\/ -->\n<title>Datenschutzhinweis - Arin Dachner<\/title>\n<meta name=\"robots\" content=\"index, follow, max-snippet:-1, max-image-preview:large, max-video-preview:-1\" \/>\n<link rel=\"canonical\" href=\"https:\/\/arin-dachner.com\/de\/datenschutzhinweis\/\" \/>\n<meta property=\"og:locale\" content=\"de_DE\" \/>\n<meta property=\"og:type\" content=\"article\" \/>\n<meta property=\"og:title\" content=\"Datenschutzhinweis - Arin Dachner\" \/>\n<meta property=\"og:description\" content=\"1. Wer ist verantwortlich f\u00fcr die Datenverarbeitung auf dieser Seite? Arin DachnerPankower Allee 75a13409 Berlin 2. Welche Daten werden bei Ihrem Besuch meiner Webseite erfasst? Die Nutzung meiner Webseite ist grunds\u00e4tzlich ohne Angabe personenbezogener Daten m\u00f6glich. Es findet keine Nutzungsanalyse statt. Allerdings \u00fcbermittelt Ihr Browser systembedingt Informationen an den Server. Diese werden nicht ausgewertet. 3. ... Read moreDatenschutzhinweis\" \/>\n<meta property=\"og:url\" content=\"https:\/\/arin-dachner.com\/de\/datenschutzhinweis\/\" \/>\n<meta property=\"og:site_name\" content=\"Arin Dachner\" \/>\n<meta property=\"article:modified_time\" content=\"2025-04-10T13:32:57+00:00\" \/>\n<meta name=\"twitter:card\" content=\"summary_large_image\" \/>\n<meta name=\"twitter:label1\" content=\"Gesch\u00e4tzte Lesezeit\" \/>\n\t<meta name=\"twitter:data1\" content=\"4\u00a0Minuten\" \/>\n<script type=\"application\/ld+json\" class=\"yoast-schema-graph\">{\"@context\":\"https:\\\/\\\/schema.org\",\"@graph\":[{\"@type\":\"WebPage\",\"@id\":\"https:\\\/\\\/arin-dachner.com\\\/de\\\/datenschutzhinweis\\\/\",\"url\":\"https:\\\/\\\/arin-dachner.com\\\/de\\\/datenschutzhinweis\\\/\",\"name\":\"Datenschutzhinweis - Arin Dachner\",\"isPartOf\":{\"@id\":\"https:\\\/\\\/arin-dachner.com\\\/de\\\/#website\"},\"datePublished\":\"2018-05-25T12:16:41+00:00\",\"dateModified\":\"2025-04-10T13:32:57+00:00\",\"breadcrumb\":{\"@id\":\"https:\\\/\\\/arin-dachner.com\\\/de\\\/datenschutzhinweis\\\/#breadcrumb\"},\"inLanguage\":\"de\",\"potentialAction\":[{\"@type\":\"ReadAction\",\"target\":[\"https:\\\/\\\/arin-dachner.com\\\/de\\\/datenschutzhinweis\\\/\"]}]},{\"@type\":\"BreadcrumbList\",\"@id\":\"https:\\\/\\\/arin-dachner.com\\\/de\\\/datenschutzhinweis\\\/#breadcrumb\",\"itemListElement\":[{\"@type\":\"ListItem\",\"position\":1,\"name\":\"Startseite\",\"item\":\"https:\\\/\\\/arin-dachner.com\\\/de\\\/\"},{\"@type\":\"ListItem\",\"position\":2,\"name\":\"Datenschutzhinweis\"}]},{\"@type\":\"WebSite\",\"@id\":\"https:\\\/\\\/arin-dachner.com\\\/de\\\/#website\",\"url\":\"https:\\\/\\\/arin-dachner.com\\\/de\\\/\",\"name\":\"Arin Dachner\",\"description\":\"ein neuer Blick aufs Alte\",\"potentialAction\":[{\"@type\":\"SearchAction\",\"target\":{\"@type\":\"EntryPoint\",\"urlTemplate\":\"https:\\\/\\\/arin-dachner.com\\\/de\\\/?s={search_term_string}\"},\"query-input\":{\"@type\":\"PropertyValueSpecification\",\"valueRequired\":true,\"valueName\":\"search_term_string\"}}],\"inLanguage\":\"de\"}]}<\/script>\n<!-- \/ Yoast SEO plugin. -->","yoast_head_json":{"title":"Datenschutzhinweis - Arin Dachner","robots":{"index":"index","follow":"follow","max-snippet":"max-snippet:-1","max-image-preview":"max-image-preview:large","max-video-preview":"max-video-preview:-1"},"canonical":"https:\/\/arin-dachner.com\/de\/datenschutzhinweis\/","og_locale":"de_DE","og_type":"article","og_title":"Datenschutzhinweis - Arin Dachner","og_description":"1. Wer ist verantwortlich f\u00fcr die Datenverarbeitung auf dieser Seite? Arin DachnerPankower Allee 75a13409 Berlin 2. Welche Daten werden bei Ihrem Besuch meiner Webseite erfasst? Die Nutzung meiner Webseite ist grunds\u00e4tzlich ohne Angabe personenbezogener Daten m\u00f6glich. Es findet keine Nutzungsanalyse statt. Allerdings \u00fcbermittelt Ihr Browser systembedingt Informationen an den Server. Diese werden nicht ausgewertet. 3. ... Read moreDatenschutzhinweis","og_url":"https:\/\/arin-dachner.com\/de\/datenschutzhinweis\/","og_site_name":"Arin Dachner","article_modified_time":"2025-04-10T13:32:57+00:00","twitter_card":"summary_large_image","twitter_misc":{"Gesch\u00e4tzte Lesezeit":"4\u00a0Minuten"},"schema":{"@context":"https:\/\/schema.org","@graph":[{"@type":"WebPage","@id":"https:\/\/arin-dachner.com\/de\/datenschutzhinweis\/","url":"https:\/\/arin-dachner.com\/de\/datenschutzhinweis\/","name":"Datenschutzhinweis - Arin Dachner","isPartOf":{"@id":"https:\/\/arin-dachner.com\/de\/#website"},"datePublished":"2018-05-25T12:16:41+00:00","dateModified":"2025-04-10T13:32:57+00:00","breadcrumb":{"@id":"https:\/\/arin-dachner.com\/de\/datenschutzhinweis\/#breadcrumb"},"inLanguage":"de","potentialAction":[{"@type":"ReadAction","target":["https:\/\/arin-dachner.com\/de\/datenschutzhinweis\/"]}]},{"@type":"BreadcrumbList","@id":"https:\/\/arin-dachner.com\/de\/datenschutzhinweis\/#breadcrumb","itemListElement":[{"@type":"ListItem","position":1,"name":"Startseite","item":"https:\/\/arin-dachner.com\/de\/"},{"@type":"ListItem","position":2,"name":"Datenschutzhinweis"}]},{"@type":"WebSite","@id":"https:\/\/arin-dachner.com\/de\/#website","url":"https:\/\/arin-dachner.com\/de\/","name":"Arin Dachner","description":"ein neuer Blick aufs Alte","potentialAction":[{"@type":"SearchAction","target":{"@type":"EntryPoint","urlTemplate":"https:\/\/arin-dachner.com\/de\/?s={search_term_string}"},"query-input":{"@type":"PropertyValueSpecification","valueRequired":true,"valueName":"search_term_string"}}],"inLanguage":"de"}]}},"_links":{"self":[{"href":"https:\/\/arin-dachner.com\/de\/wp-json\/wp\/v2\/page\/639","targetHints":{"allow":["GET"]}}],"collection":[{"href":"https:\/\/arin-dachner.com\/de\/wp-json\/wp\/v2\/page"}],"about":[{"href":"https:\/\/arin-dachner.com\/de\/wp-json\/wp\/v2\/types\/page"}],"author":[{"embeddable":true,"href":"https:\/\/arin-dachner.com\/de\/wp-json\/wp\/v2\/users\/3"}],"replies":[{"embeddable":true,"href":"https:\/\/arin-dachner.com\/de\/wp-json\/wp\/v2\/comments?post=639"}],"version-history":[{"count":10,"href":"https:\/\/arin-dachner.com\/de\/wp-json\/wp\/v2\/page\/639\/revisions"}],"predecessor-version":[{"id":1436,"href":"https:\/\/arin-dachner.com\/de\/wp-json\/wp\/v2\/page\/639\/revisions\/1436"}],"wp:attachment":[{"href":"https:\/\/arin-dachner.com\/de\/wp-json\/wp\/v2\/media?parent=639"}],"curies":[{"name":"wp","href":"https:\/\/api.w.org\/{rel}","templated":true}]}}