{"id":27,"date":"2016-08-12T11:02:21","date_gmt":"2016-08-12T09:02:21","guid":{"rendered":"http:\/\/rita-dachner.com.w014d3be.kasserver.com\/?page_id=27"},"modified":"2019-01-09T14:50:26","modified_gmt":"2019-01-09T13:50:26","slug":"blog","status":"publish","type":"page","link":"https:\/\/arin-dachner.com\/de\/uebersetzung-ihrer-alten-dokumente\/blog\/","title":{"rendered":"Beispiele"},"content":{"rendered":"\t\t<div data-elementor-type=\"wp-post\" data-elementor-id=\"27\" class=\"elementor elementor-27 elementor-bc-flex-widget\">\n\t\t\t\t\t\t<section class=\"elementor-section elementor-top-section elementor-element elementor-element-49cf648 elementor-section-boxed elementor-section-height-default elementor-section-height-default\" data-id=\"49cf648\" data-element_type=\"section\" data-e-type=\"section\" data-settings=\"{&quot;wpkoi_parallax_layout_image&quot;:{&quot;url&quot;:&quot;&quot;,&quot;id&quot;:&quot;&quot;,&quot;size&quot;:&quot;&quot;},&quot;wpkoi_parallax_layout_speed&quot;:{&quot;unit&quot;:&quot;%&quot;,&quot;size&quot;:50,&quot;sizes&quot;:[]},&quot;wpkoi_parallax_layout_type&quot;:&quot;scroll&quot;,&quot;wpkoi_parallax_layout_bg_x&quot;:50,&quot;wpkoi_parallax_layout_bg_y&quot;:50,&quot;wpkoi_parallax_layout_bg_size&quot;:&quot;auto&quot;,&quot;wpkoi_parallax_layout_animation_prop&quot;:&quot;transform&quot;,&quot;section_wpkoi_tricks_particles&quot;:&quot;false&quot;,&quot;section_wpkoi_background_change&quot;:&quot;false&quot;}\">\n\t\t\t\t\t\t<div class=\"elementor-container elementor-column-gap-default\">\n\t\t\t\t\t<div class=\"elementor-column elementor-col-100 elementor-top-column elementor-element elementor-element-d5a43ca\" data-id=\"d5a43ca\" data-element_type=\"column\" data-e-type=\"column\">\n\t\t\t<div class=\"elementor-widget-wrap elementor-element-populated\">\n\t\t\t\t\t\t<div class=\"elementor-element elementor-element-c163a2f elementor-widget elementor-widget-wpkoi-elements-image-accordion\" data-id=\"c163a2f\" data-element_type=\"widget\" data-e-type=\"widget\" data-widget_type=\"wpkoi-elements-image-accordion.default\">\n\t\t\t\t<div class=\"elementor-widget-container\">\n\t\t\t\t\t      <div class=\"wpkoi-elements-img-accordion\" id=\"wpkoi-elements-img-accordion-c163a2f\">\r\n                  <a href=\"https:\/\/arin-dachner.com\/uebersetzung-ihrer-alten-dokumente\/blog\/arbeitszeugnis-meiner-urgrossmutter-1918\/\"   style=\"background-image: url(https:\/\/mliqe6kzzid7.i.optimole.com\/w:auto\/h:auto\/q:mauto\/f:best\/https:\/\/arin-dachner.com\/wp-content\/uploads\/2019\/01\/VorschauZeugnisLD\u00fcllmann.png);\">\r\n            <div class=\"overlay\">\r\n              <div class=\"overlay-inner\">\r\n                <h2>Arbeitszeugnis 1918<\/h2>\r\n                <p><\/p>\r\n              <\/div>\r\n            <\/div>\r\n          <\/a>\r\n                  <a href=\"https:\/\/arin-dachner.com\/uebersetzung-ihrer-alten-dokumente\/blog\/brief-an-den-kaiser\/\"   style=\"background-image: url(https:\/\/mliqe6kzzid7.i.optimole.com\/w:auto\/h:auto\/q:mauto\/f:best\/https:\/\/arin-dachner.com\/wp-content\/uploads\/2019\/01\/VorschauBriefKaiser.png);\">\r\n            <div class=\"overlay\">\r\n              <div class=\"overlay-inner\">\r\n                <h2>Brief an den Kaiser<\/h2>\r\n                <p><\/p>\r\n              <\/div>\r\n            <\/div>\r\n          <\/a>\r\n              <\/div>\r\n                <style>\r\n          #wpkoi-elements-img-accordion-c163a2f a:hover {\r\n            flex: 3;\r\n          }\r\n          #wpkoi-elements-img-accordion-c163a2f a:hover .overlay-inner * {\r\n            opacity: 1;\r\n            visibility: visible;\r\n            transform: none;\r\n            transition: all .3s .3s;\r\n          }\r\n        <\/style>\r\n                            \t\t\t\t<\/div>\n\t\t\t\t<\/div>\n\t\t\t\t\t<\/div>\n\t\t<\/div>\n\t\t\t\t\t<\/div>\n\t\t<\/section>\n\t\t\t\t<\/div>\n\t\t","protected":false},"excerpt":{"rendered":"<p>Arbeitszeugnis 1918 Brief an den Kaiser<\/p>\n","protected":false},"author":3,"featured_media":0,"parent":16,"menu_order":99,"comment_status":"closed","ping_status":"closed","template":"","meta":{"parvati_pageheader":"","_themeisle_gutenberg_block_has_review":false,"footnotes":""},"class_list":["post-27","page","type-page","status-publish"],"yoast_head":"<!-- This site is optimized with the Yoast SEO plugin v27.5 - https:\/\/yoast.com\/product\/yoast-seo-wordpress\/ -->\n<title>- Beispiele - Arin Dachner<\/title>\n<meta name=\"description\" content=\"In meinem Blog k\u00f6nnen Sie sich Beispiele alter Dokumente in S\u00fctterlin- oder Kurrentschrift ansehen, deren Inhalt ich in moderne Schrift \u00fcbertragen habe.\" \/>\n<meta name=\"robots\" content=\"index, follow, max-snippet:-1, max-image-preview:large, max-video-preview:-1\" \/>\n<link rel=\"canonical\" href=\"https:\/\/arin-dachner.com\/de\/uebersetzung-ihrer-alten-dokumente\/blog\/\" \/>\n<meta property=\"og:locale\" content=\"de_DE\" \/>\n<meta property=\"og:type\" content=\"article\" \/>\n<meta property=\"og:title\" content=\"- Beispiele - Arin Dachner\" \/>\n<meta property=\"og:description\" content=\"In meinem Blog k\u00f6nnen Sie sich Beispiele alter Dokumente in S\u00fctterlin- oder Kurrentschrift ansehen, deren Inhalt ich in moderne Schrift \u00fcbertragen habe.\" \/>\n<meta property=\"og:url\" content=\"https:\/\/arin-dachner.com\/de\/uebersetzung-ihrer-alten-dokumente\/blog\/\" \/>\n<meta property=\"og:site_name\" content=\"Arin Dachner\" \/>\n<meta property=\"article:modified_time\" content=\"2019-01-09T13:50:26+00:00\" \/>\n<meta name=\"twitter:card\" content=\"summary_large_image\" \/>\n<script type=\"application\/ld+json\" class=\"yoast-schema-graph\">{\"@context\":\"https:\\\/\\\/schema.org\",\"@graph\":[{\"@type\":\"WebPage\",\"@id\":\"https:\\\/\\\/arin-dachner.com\\\/de\\\/uebersetzung-ihrer-alten-dokumente\\\/blog\\\/\",\"url\":\"https:\\\/\\\/arin-dachner.com\\\/de\\\/uebersetzung-ihrer-alten-dokumente\\\/blog\\\/\",\"name\":\"- Beispiele - Arin Dachner\",\"isPartOf\":{\"@id\":\"https:\\\/\\\/arin-dachner.com\\\/de\\\/#website\"},\"datePublished\":\"2016-08-12T09:02:21+00:00\",\"dateModified\":\"2019-01-09T13:50:26+00:00\",\"description\":\"In meinem Blog k\u00f6nnen Sie sich Beispiele alter Dokumente in S\u00fctterlin- oder Kurrentschrift ansehen, deren Inhalt ich in moderne Schrift \u00fcbertragen habe.\",\"breadcrumb\":{\"@id\":\"https:\\\/\\\/arin-dachner.com\\\/de\\\/uebersetzung-ihrer-alten-dokumente\\\/blog\\\/#breadcrumb\"},\"inLanguage\":\"de\",\"potentialAction\":[{\"@type\":\"ReadAction\",\"target\":[\"https:\\\/\\\/arin-dachner.com\\\/de\\\/uebersetzung-ihrer-alten-dokumente\\\/blog\\\/\"]}]},{\"@type\":\"BreadcrumbList\",\"@id\":\"https:\\\/\\\/arin-dachner.com\\\/de\\\/uebersetzung-ihrer-alten-dokumente\\\/blog\\\/#breadcrumb\",\"itemListElement\":[{\"@type\":\"ListItem\",\"position\":1,\"name\":\"Startseite\",\"item\":\"https:\\\/\\\/arin-dachner.com\\\/de\\\/\"},{\"@type\":\"ListItem\",\"position\":2,\"name\":\"Beispiele\"}]},{\"@type\":\"WebSite\",\"@id\":\"https:\\\/\\\/arin-dachner.com\\\/de\\\/#website\",\"url\":\"https:\\\/\\\/arin-dachner.com\\\/de\\\/\",\"name\":\"Arin Dachner\",\"description\":\"ein neuer Blick aufs Alte\",\"potentialAction\":[{\"@type\":\"SearchAction\",\"target\":{\"@type\":\"EntryPoint\",\"urlTemplate\":\"https:\\\/\\\/arin-dachner.com\\\/de\\\/?s={search_term_string}\"},\"query-input\":{\"@type\":\"PropertyValueSpecification\",\"valueRequired\":true,\"valueName\":\"search_term_string\"}}],\"inLanguage\":\"de\"}]}<\/script>\n<!-- \/ Yoast SEO plugin. -->","yoast_head_json":{"title":"- Beispiele - Arin Dachner","description":"In meinem Blog k\u00f6nnen Sie sich Beispiele alter Dokumente in S\u00fctterlin- oder Kurrentschrift ansehen, deren Inhalt ich in moderne Schrift \u00fcbertragen habe.","robots":{"index":"index","follow":"follow","max-snippet":"max-snippet:-1","max-image-preview":"max-image-preview:large","max-video-preview":"max-video-preview:-1"},"canonical":"https:\/\/arin-dachner.com\/de\/uebersetzung-ihrer-alten-dokumente\/blog\/","og_locale":"de_DE","og_type":"article","og_title":"- Beispiele - Arin Dachner","og_description":"In meinem Blog k\u00f6nnen Sie sich Beispiele alter Dokumente in S\u00fctterlin- oder Kurrentschrift ansehen, deren Inhalt ich in moderne Schrift \u00fcbertragen habe.","og_url":"https:\/\/arin-dachner.com\/de\/uebersetzung-ihrer-alten-dokumente\/blog\/","og_site_name":"Arin Dachner","article_modified_time":"2019-01-09T13:50:26+00:00","twitter_card":"summary_large_image","schema":{"@context":"https:\/\/schema.org","@graph":[{"@type":"WebPage","@id":"https:\/\/arin-dachner.com\/de\/uebersetzung-ihrer-alten-dokumente\/blog\/","url":"https:\/\/arin-dachner.com\/de\/uebersetzung-ihrer-alten-dokumente\/blog\/","name":"- Beispiele - Arin Dachner","isPartOf":{"@id":"https:\/\/arin-dachner.com\/de\/#website"},"datePublished":"2016-08-12T09:02:21+00:00","dateModified":"2019-01-09T13:50:26+00:00","description":"In meinem Blog k\u00f6nnen Sie sich Beispiele alter Dokumente in S\u00fctterlin- oder Kurrentschrift ansehen, deren Inhalt ich in moderne Schrift \u00fcbertragen habe.","breadcrumb":{"@id":"https:\/\/arin-dachner.com\/de\/uebersetzung-ihrer-alten-dokumente\/blog\/#breadcrumb"},"inLanguage":"de","potentialAction":[{"@type":"ReadAction","target":["https:\/\/arin-dachner.com\/de\/uebersetzung-ihrer-alten-dokumente\/blog\/"]}]},{"@type":"BreadcrumbList","@id":"https:\/\/arin-dachner.com\/de\/uebersetzung-ihrer-alten-dokumente\/blog\/#breadcrumb","itemListElement":[{"@type":"ListItem","position":1,"name":"Startseite","item":"https:\/\/arin-dachner.com\/de\/"},{"@type":"ListItem","position":2,"name":"Beispiele"}]},{"@type":"WebSite","@id":"https:\/\/arin-dachner.com\/de\/#website","url":"https:\/\/arin-dachner.com\/de\/","name":"Arin Dachner","description":"ein neuer Blick aufs Alte","potentialAction":[{"@type":"SearchAction","target":{"@type":"EntryPoint","urlTemplate":"https:\/\/arin-dachner.com\/de\/?s={search_term_string}"},"query-input":{"@type":"PropertyValueSpecification","valueRequired":true,"valueName":"search_term_string"}}],"inLanguage":"de"}]}},"_links":{"self":[{"href":"https:\/\/arin-dachner.com\/de\/wp-json\/wp\/v2\/page\/27","targetHints":{"allow":["GET"]}}],"collection":[{"href":"https:\/\/arin-dachner.com\/de\/wp-json\/wp\/v2\/page"}],"about":[{"href":"https:\/\/arin-dachner.com\/de\/wp-json\/wp\/v2\/types\/page"}],"author":[{"embeddable":true,"href":"https:\/\/arin-dachner.com\/de\/wp-json\/wp\/v2\/users\/3"}],"replies":[{"embeddable":true,"href":"https:\/\/arin-dachner.com\/de\/wp-json\/wp\/v2\/comments?post=27"}],"version-history":[{"count":10,"href":"https:\/\/arin-dachner.com\/de\/wp-json\/wp\/v2\/page\/27\/revisions"}],"predecessor-version":[{"id":930,"href":"https:\/\/arin-dachner.com\/de\/wp-json\/wp\/v2\/page\/27\/revisions\/930"}],"up":[{"embeddable":true,"href":"https:\/\/arin-dachner.com\/de\/wp-json\/wp\/v2\/page\/16"}],"wp:attachment":[{"href":"https:\/\/arin-dachner.com\/de\/wp-json\/wp\/v2\/media?parent=27"}],"curies":[{"name":"wp","href":"https:\/\/api.w.org\/{rel}","templated":true}]}}