{"id":20,"date":"2016-08-12T10:31:57","date_gmt":"2016-08-12T08:31:57","guid":{"rendered":"http:\/\/rita-dachner.com.w014d3be.kasserver.com\/?page_id=20"},"modified":"2026-03-24T10:19:10","modified_gmt":"2026-03-24T09:19:10","slug":"kontakt","status":"publish","type":"page","link":"https:\/\/arin-dachner.com\/de\/uebersetzung-ihrer-alten-dokumente\/kontakt\/","title":{"rendered":"Kontakt"},"content":{"rendered":"\n<p>Sie erreichen mich am besten per Mail unter <a href=\"http:\/\/m&#097;&#105;&#x6c;&#x74;&#x6f;:&#099;&#111;&#x6e;&#x74;&#x61;ct&#064;&#x61;&#x72;&#x69;n-&#100;&#097;&#x63;&#x68;&#x6e;e&#114;&#046;&#x63;&#x6f;&#x6d;\">&#x63;&#111;n&#x74;&#x61;&#99;t&#x40;&#x61;&#114;i&#x6e;&#45;d&#x61;&#x63;&#104;n&#x65;&#x72;&#46;c&#x6f;&#109;<\/a><\/p>\n\n\n\n<p>Wenn Sie mich beauftragen m\u00f6chten, beschreiben Sie mir bitte kurz, um welche Art und Anzahl von Dokumenten es sich handelt. Senden Sie mir dazu gerne auch eine Beispielseite aus Ihren Dokumenten mit, damit ich die Lesbarkeit einsch\u00e4tzen und Ihnen einen verbindlichen Preis nennen kann. Ihre Anfrage ist selbstverst\u00e4ndlich kostenlos.<\/p>\n\n\n<div class=\"wp-block-image\">\n<figure class=\"aligncenter\"><img data-opt-id=747083836  fetchpriority=\"high\" decoding=\"async\" width=\"1024\" height=\"683\" src=\"https:\/\/mliqe6kzzid7.i.optimole.com\/w:1024\/h:683\/q:mauto\/f:best\/https:\/\/arin-dachner.com\/wp-content\/uploads\/2016\/11\/BriefeSchreibtischSeitlichkl.jpg\" alt=\"Zwei alte Briefe liegen vor einem Laptop und einem Schreibblock auf einer Tischplatte aus hellem Holz.\" class=\"wp-image-514\" srcset=\"https:\/\/mliqe6kzzid7.i.optimole.com\/w:1024\/h:683\/q:mauto\/f:best\/https:\/\/arin-dachner.com\/wp-content\/uploads\/2016\/11\/BriefeSchreibtischSeitlichkl.jpg 1024w, https:\/\/mliqe6kzzid7.i.optimole.com\/w:300\/h:200\/q:mauto\/f:best\/https:\/\/arin-dachner.com\/wp-content\/uploads\/2016\/11\/BriefeSchreibtischSeitlichkl.jpg 300w, https:\/\/mliqe6kzzid7.i.optimole.com\/w:768\/h:512\/q:mauto\/f:best\/https:\/\/arin-dachner.com\/wp-content\/uploads\/2016\/11\/BriefeSchreibtischSeitlichkl.jpg 768w, https:\/\/mliqe6kzzid7.i.optimole.com\/w:1500\/h:1000\/q:mauto\/f:best\/https:\/\/arin-dachner.com\/wp-content\/uploads\/2016\/11\/BriefeSchreibtischSeitlichkl.jpg 1500w\" sizes=\"(max-width: 1024px) 100vw, 1024px\" \/><\/figure>\n<\/div>\n\n\n<p>Wenn Sie mich beauftragen, erhalten Sie von mir Zugangsdaten f\u00fcr einen pers\u00f6nlichen Login, um Ihre Dateien hochladen zu k\u00f6nnen. Bei Versand per E-Mailanhang sollte eine maximale Gr\u00f6\u00dfe von 4 MB nicht \u00fcberschritten werden.<\/p>\n\n\n\n<p>Sie k\u00f6nnen f\u00fcr Ihr Anliegen auch dieses Kontaktformular nutzen:<\/p>\n\n\n\n<div class=\"wp-block-contact-form-7-contact-form-selector\">\n<div class=\"wpcf7 no-js\" id=\"wpcf7-f1203-o1\" lang=\"de-DE\" dir=\"ltr\" data-wpcf7-id=\"1203\">\n<div class=\"screen-reader-response\"><p role=\"status\" aria-live=\"polite\" aria-atomic=\"true\"><\/p> <ul><\/ul><\/div>\n<form action=\"\/de\/wp-json\/wp\/v2\/page\/20#wpcf7-f1203-o1\" method=\"post\" class=\"wpcf7-form init\" aria-label=\"Kontaktformular\" enctype=\"multipart\/form-data\" novalidate=\"novalidate\" data-status=\"init\">\n<fieldset class=\"hidden-fields-container\"><input type=\"hidden\" name=\"_wpcf7\" value=\"1203\" \/><input type=\"hidden\" name=\"_wpcf7_version\" value=\"6.1.5\" \/><input type=\"hidden\" name=\"_wpcf7_locale\" value=\"de_DE\" \/><input type=\"hidden\" name=\"_wpcf7_unit_tag\" value=\"wpcf7-f1203-o1\" \/><input type=\"hidden\" name=\"_wpcf7_container_post\" value=\"0\" \/><input type=\"hidden\" name=\"_wpcf7_posted_data_hash\" value=\"\" \/>\n<\/fieldset>\n<p><label> Ihr Name<br \/>\n<span class=\"wpcf7-form-control-wrap\" data-name=\"your-name\"><input size=\"40\" maxlength=\"400\" class=\"wpcf7-form-control wpcf7-text wpcf7-validates-as-required\" autocomplete=\"name\" aria-required=\"true\" aria-invalid=\"false\" value=\"\" type=\"text\" name=\"your-name\" \/><\/span> <\/label>\n<\/p>\n<p><label> Ihre eMail-Adresse<br \/>\n<span class=\"wpcf7-form-control-wrap\" data-name=\"your-email\"><input size=\"40\" maxlength=\"400\" class=\"wpcf7-form-control wpcf7-email wpcf7-validates-as-required wpcf7-text wpcf7-validates-as-email\" autocomplete=\"email\" aria-required=\"true\" aria-invalid=\"false\" value=\"\" type=\"email\" name=\"your-email\" \/><\/span> <\/label>\n<\/p>\n<p><span id=\"wpcf7-69f278b862998-wrapper\" class=\"wpcf7-form-control-wrap phone-number-wrap\" ><input type=\"hidden\" name=\"phone-number-time-start\" value=\"1777498296\"><input type=\"hidden\" name=\"phone-number-time-check\" value=\"6\"><label for=\"wpcf7-69f278b862998-field\" class=\"hp-message\">No need to fill this field.<\/label><input id=\"wpcf7-69f278b862998-field\"  class=\"wpcf7-form-control wpcf7-text\" type=\"text\" name=\"phone-number\" value=\"\" size=\"40\" tabindex=\"-1\" autocomplete=\"off\" \/><\/span>\n<\/p>\n<p><span id=\"wpcf7-69f278b8629dc-wrapper\" class=\"wpcf7-form-control-wrap subject-wrap\" ><input type=\"hidden\" name=\"subject-time-start\" value=\"1777498296\"><input type=\"hidden\" name=\"subject-time-check\" value=\"6\"><label for=\"wpcf7-69f278b8629dc-field\" class=\"hp-message\">No need to fill this field.<\/label><input id=\"wpcf7-69f278b8629dc-field\"  class=\"wpcf7-form-control wpcf7-text\" type=\"text\" name=\"subject\" value=\"\" size=\"40\" tabindex=\"-1\" autocomplete=\"off\" \/><\/span>\n<\/p>\n<p><label> Ihre Nachricht<br \/>\n<span class=\"wpcf7-form-control-wrap\" data-name=\"textarea\"><input size=\"40\" maxlength=\"400\" class=\"wpcf7-form-control wpcf7-text wpcf7-validates-as-required\" aria-required=\"true\" aria-invalid=\"false\" value=\"\" type=\"text\" name=\"textarea\" \/><\/span> <\/label>\n<\/p>\n<p><label> Ihr Dokument (max. 4 MB)<br \/>\n<span class=\"wpcf7-form-control-wrap\" data-name=\"file-96\"><input size=\"40\" class=\"wpcf7-form-control wpcf7-file\" accept=\".jpg,.jpeg,.png,.pdf\" aria-invalid=\"false\" type=\"file\" name=\"file-96\" \/><\/span><br \/>\n<input class=\"wpcf7-form-control wpcf7-submit has-spinner\" type=\"submit\" value=\"Absenden\" \/><\/label>\n<\/p><div class=\"wpcf7-response-output\" aria-hidden=\"true\"><\/div>\n<\/form>\n<\/div>\n<\/div>\n\n\n\n<p>Mit der Nutzung dieses Kontaktformulars stimmen Sie einer Verarbeitung der dabei erhobenen Daten gem\u00e4\u00df meines <a href=\"https:\/\/arin-dachner.com\/de\/datenschutzhinweis\/\">Datenschutzhinweises<\/a> zu.<\/p>\n","protected":false},"excerpt":{"rendered":"<p>Sie erreichen mich am besten per Mail unter Wenn Sie mich beauftragen m\u00f6chten, beschreiben Sie mir bitte kurz, um welche Art und Anzahl von Dokumenten es sich handelt. Senden Sie mir dazu gerne auch eine Beispielseite aus Ihren Dokumenten mit, damit ich die Lesbarkeit einsch\u00e4tzen und Ihnen einen verbindlichen Preis nennen kann. Ihre Anfrage ist &#8230; <\/p>\n<p class=\"read-more-container\"><a title=\"Kontakt\" class=\"read-more button\" href=\"https:\/\/arin-dachner.com\/de\/uebersetzung-ihrer-alten-dokumente\/kontakt\/#more-20\">Read more<span class=\"screen-reader-text\">Kontakt<\/span><\/a><\/p>\n","protected":false},"author":3,"featured_media":0,"parent":16,"menu_order":998,"comment_status":"closed","ping_status":"closed","template":"","meta":{"parvati_pageheader":"","_themeisle_gutenberg_block_has_review":false,"footnotes":""},"class_list":["post-20","page","type-page","status-publish"],"yoast_head":"<!-- This site is optimized with the Yoast SEO plugin v27.5 - https:\/\/yoast.com\/product\/yoast-seo-wordpress\/ -->\n<title>- Kontakt - Arin Dachner<\/title>\n<meta name=\"description\" content=\"Wenn Sie an einer \u00dcbertragung Ihrer Dokumente interessiert sind oder Fragen haben, k\u00f6nnen sie per Mail oder \u00fcber dieses Formular Kontakt zu mir aufnehmen.\" \/>\n<meta name=\"robots\" content=\"index, follow, max-snippet:-1, max-image-preview:large, max-video-preview:-1\" \/>\n<link rel=\"canonical\" href=\"https:\/\/arin-dachner.com\/de\/uebersetzung-ihrer-alten-dokumente\/kontakt\/\" \/>\n<meta property=\"og:locale\" content=\"de_DE\" \/>\n<meta property=\"og:type\" content=\"article\" \/>\n<meta property=\"og:title\" content=\"- Kontakt - Arin Dachner\" \/>\n<meta property=\"og:description\" content=\"Wenn Sie an einer \u00dcbertragung Ihrer Dokumente interessiert sind oder Fragen haben, k\u00f6nnen sie per Mail oder \u00fcber dieses Formular Kontakt zu mir aufnehmen.\" \/>\n<meta property=\"og:url\" content=\"https:\/\/arin-dachner.com\/de\/uebersetzung-ihrer-alten-dokumente\/kontakt\/\" \/>\n<meta property=\"og:site_name\" content=\"Arin Dachner\" \/>\n<meta property=\"article:modified_time\" content=\"2026-03-24T09:19:10+00:00\" \/>\n<meta property=\"og:image\" content=\"https:\/\/mliqe6kzzid7.i.optimole.com\/w:auto\/h:auto\/q:mauto\/f:best\/https:\/\/arin-dachner.com\/wp-content\/uploads\/2016\/11\/BriefeSchreibtischSeitlichkl.jpg\" \/>\n\t<meta property=\"og:image:width\" content=\"1500\" \/>\n\t<meta property=\"og:image:height\" content=\"1000\" \/>\n\t<meta property=\"og:image:type\" content=\"image\/jpeg\" \/>\n<meta name=\"twitter:card\" content=\"summary_large_image\" \/>\n<meta name=\"twitter:label1\" content=\"Gesch\u00e4tzte Lesezeit\" \/>\n\t<meta name=\"twitter:data1\" content=\"1\u00a0Minute\" \/>\n<script type=\"application\/ld+json\" class=\"yoast-schema-graph\">{\"@context\":\"https:\\\/\\\/schema.org\",\"@graph\":[{\"@type\":\"WebPage\",\"@id\":\"https:\\\/\\\/arin-dachner.com\\\/de\\\/uebersetzung-ihrer-alten-dokumente\\\/kontakt\\\/\",\"url\":\"https:\\\/\\\/arin-dachner.com\\\/de\\\/uebersetzung-ihrer-alten-dokumente\\\/kontakt\\\/\",\"name\":\"- Kontakt - Arin Dachner\",\"isPartOf\":{\"@id\":\"https:\\\/\\\/arin-dachner.com\\\/de\\\/#website\"},\"primaryImageOfPage\":{\"@id\":\"https:\\\/\\\/arin-dachner.com\\\/de\\\/uebersetzung-ihrer-alten-dokumente\\\/kontakt\\\/#primaryimage\"},\"image\":{\"@id\":\"https:\\\/\\\/arin-dachner.com\\\/de\\\/uebersetzung-ihrer-alten-dokumente\\\/kontakt\\\/#primaryimage\"},\"thumbnailUrl\":\"https:\\/\\/arin-dachner.com\\/wp-content\\/uploads\\/2016\\/11\\/BriefeSchreibtischSeitlichkl-1024x683.jpg\",\"datePublished\":\"2016-08-12T08:31:57+00:00\",\"dateModified\":\"2026-03-24T09:19:10+00:00\",\"description\":\"Wenn Sie an einer \u00dcbertragung Ihrer Dokumente interessiert sind oder Fragen haben, k\u00f6nnen sie per Mail oder \u00fcber dieses Formular Kontakt zu mir aufnehmen.\",\"breadcrumb\":{\"@id\":\"https:\\\/\\\/arin-dachner.com\\\/de\\\/uebersetzung-ihrer-alten-dokumente\\\/kontakt\\\/#breadcrumb\"},\"inLanguage\":\"de\",\"potentialAction\":[{\"@type\":\"ReadAction\",\"target\":[\"https:\\\/\\\/arin-dachner.com\\\/de\\\/uebersetzung-ihrer-alten-dokumente\\\/kontakt\\\/\"]}]},{\"@type\":\"ImageObject\",\"inLanguage\":\"de\",\"@id\":\"https:\\\/\\\/arin-dachner.com\\\/de\\\/uebersetzung-ihrer-alten-dokumente\\\/kontakt\\\/#primaryimage\",\"url\":\"https:\\/\\/arin-dachner.com\\/wp-content\\/uploads\\/2016\\/11\\/BriefeSchreibtischSeitlichkl-1024x683.jpg\",\"contentUrl\":\"https:\\/\\/arin-dachner.com\\/wp-content\\/uploads\\/2016\\/11\\/BriefeSchreibtischSeitlichkl-1024x683.jpg\"},{\"@type\":\"BreadcrumbList\",\"@id\":\"https:\\\/\\\/arin-dachner.com\\\/de\\\/uebersetzung-ihrer-alten-dokumente\\\/kontakt\\\/#breadcrumb\",\"itemListElement\":[{\"@type\":\"ListItem\",\"position\":1,\"name\":\"Startseite\",\"item\":\"https:\\\/\\\/arin-dachner.com\\\/de\\\/\"},{\"@type\":\"ListItem\",\"position\":2,\"name\":\"Kontakt\"}]},{\"@type\":\"WebSite\",\"@id\":\"https:\\\/\\\/arin-dachner.com\\\/de\\\/#website\",\"url\":\"https:\\\/\\\/arin-dachner.com\\\/de\\\/\",\"name\":\"Arin Dachner\",\"description\":\"ein neuer Blick aufs Alte\",\"potentialAction\":[{\"@type\":\"SearchAction\",\"target\":{\"@type\":\"EntryPoint\",\"urlTemplate\":\"https:\\\/\\\/arin-dachner.com\\\/de\\\/?s={search_term_string}\"},\"query-input\":{\"@type\":\"PropertyValueSpecification\",\"valueRequired\":true,\"valueName\":\"search_term_string\"}}],\"inLanguage\":\"de\"}]}<\/script>\n<!-- \/ Yoast SEO plugin. -->","yoast_head_json":{"title":"- Kontakt - Arin Dachner","description":"Wenn Sie an einer \u00dcbertragung Ihrer Dokumente interessiert sind oder Fragen haben, k\u00f6nnen sie per Mail oder \u00fcber dieses Formular Kontakt zu mir aufnehmen.","robots":{"index":"index","follow":"follow","max-snippet":"max-snippet:-1","max-image-preview":"max-image-preview:large","max-video-preview":"max-video-preview:-1"},"canonical":"https:\/\/arin-dachner.com\/de\/uebersetzung-ihrer-alten-dokumente\/kontakt\/","og_locale":"de_DE","og_type":"article","og_title":"- Kontakt - Arin Dachner","og_description":"Wenn Sie an einer \u00dcbertragung Ihrer Dokumente interessiert sind oder Fragen haben, k\u00f6nnen sie per Mail oder \u00fcber dieses Formular Kontakt zu mir aufnehmen.","og_url":"https:\/\/arin-dachner.com\/de\/uebersetzung-ihrer-alten-dokumente\/kontakt\/","og_site_name":"Arin Dachner","article_modified_time":"2026-03-24T09:19:10+00:00","og_image":[{"width":1500,"height":1000,"url":"https:\/\/mliqe6kzzid7.i.optimole.com\/w:auto\/h:auto\/q:mauto\/f:best\/https:\/\/arin-dachner.com\/wp-content\/uploads\/2016\/11\/BriefeSchreibtischSeitlichkl.jpg","type":"image\/jpeg"}],"twitter_card":"summary_large_image","twitter_misc":{"Gesch\u00e4tzte Lesezeit":"1\u00a0Minute"},"schema":{"@context":"https:\/\/schema.org","@graph":[{"@type":"WebPage","@id":"https:\/\/arin-dachner.com\/de\/uebersetzung-ihrer-alten-dokumente\/kontakt\/","url":"https:\/\/arin-dachner.com\/de\/uebersetzung-ihrer-alten-dokumente\/kontakt\/","name":"- Kontakt - Arin Dachner","isPartOf":{"@id":"https:\/\/arin-dachner.com\/de\/#website"},"primaryImageOfPage":{"@id":"https:\/\/arin-dachner.com\/de\/uebersetzung-ihrer-alten-dokumente\/kontakt\/#primaryimage"},"image":{"@id":"https:\/\/arin-dachner.com\/de\/uebersetzung-ihrer-alten-dokumente\/kontakt\/#primaryimage"},"thumbnailUrl":"https:\/\/mliqe6kzzid7.i.optimole.com\/w:1024\/h:683\/q:mauto\/f:best\/https:\/\/arin-dachner.com\/wp-content\/uploads\/2016\/11\/BriefeSchreibtischSeitlichkl.jpg","datePublished":"2016-08-12T08:31:57+00:00","dateModified":"2026-03-24T09:19:10+00:00","description":"Wenn Sie an einer \u00dcbertragung Ihrer Dokumente interessiert sind oder Fragen haben, k\u00f6nnen sie per Mail oder \u00fcber dieses Formular Kontakt zu mir aufnehmen.","breadcrumb":{"@id":"https:\/\/arin-dachner.com\/de\/uebersetzung-ihrer-alten-dokumente\/kontakt\/#breadcrumb"},"inLanguage":"de","potentialAction":[{"@type":"ReadAction","target":["https:\/\/arin-dachner.com\/de\/uebersetzung-ihrer-alten-dokumente\/kontakt\/"]}]},{"@type":"ImageObject","inLanguage":"de","@id":"https:\/\/arin-dachner.com\/de\/uebersetzung-ihrer-alten-dokumente\/kontakt\/#primaryimage","url":"https:\/\/mliqe6kzzid7.i.optimole.com\/w:1024\/h:683\/q:mauto\/f:best\/https:\/\/arin-dachner.com\/wp-content\/uploads\/2016\/11\/BriefeSchreibtischSeitlichkl.jpg","contentUrl":"https:\/\/mliqe6kzzid7.i.optimole.com\/w:1024\/h:683\/q:mauto\/f:best\/https:\/\/arin-dachner.com\/wp-content\/uploads\/2016\/11\/BriefeSchreibtischSeitlichkl.jpg"},{"@type":"BreadcrumbList","@id":"https:\/\/arin-dachner.com\/de\/uebersetzung-ihrer-alten-dokumente\/kontakt\/#breadcrumb","itemListElement":[{"@type":"ListItem","position":1,"name":"Startseite","item":"https:\/\/arin-dachner.com\/de\/"},{"@type":"ListItem","position":2,"name":"Kontakt"}]},{"@type":"WebSite","@id":"https:\/\/arin-dachner.com\/de\/#website","url":"https:\/\/arin-dachner.com\/de\/","name":"Arin Dachner","description":"ein neuer Blick aufs Alte","potentialAction":[{"@type":"SearchAction","target":{"@type":"EntryPoint","urlTemplate":"https:\/\/arin-dachner.com\/de\/?s={search_term_string}"},"query-input":{"@type":"PropertyValueSpecification","valueRequired":true,"valueName":"search_term_string"}}],"inLanguage":"de"}]}},"_links":{"self":[{"href":"https:\/\/arin-dachner.com\/de\/wp-json\/wp\/v2\/page\/20","targetHints":{"allow":["GET"]}}],"collection":[{"href":"https:\/\/arin-dachner.com\/de\/wp-json\/wp\/v2\/page"}],"about":[{"href":"https:\/\/arin-dachner.com\/de\/wp-json\/wp\/v2\/types\/page"}],"author":[{"embeddable":true,"href":"https:\/\/arin-dachner.com\/de\/wp-json\/wp\/v2\/users\/3"}],"replies":[{"embeddable":true,"href":"https:\/\/arin-dachner.com\/de\/wp-json\/wp\/v2\/comments?post=20"}],"version-history":[{"count":10,"href":"https:\/\/arin-dachner.com\/de\/wp-json\/wp\/v2\/page\/20\/revisions"}],"predecessor-version":[{"id":1554,"href":"https:\/\/arin-dachner.com\/de\/wp-json\/wp\/v2\/page\/20\/revisions\/1554"}],"up":[{"embeddable":true,"href":"https:\/\/arin-dachner.com\/de\/wp-json\/wp\/v2\/page\/16"}],"wp:attachment":[{"href":"https:\/\/arin-dachner.com\/de\/wp-json\/wp\/v2\/media?parent=20"}],"curies":[{"name":"wp","href":"https:\/\/api.w.org\/{rel}","templated":true}]}}