{"id":16,"date":"2016-08-12T10:20:52","date_gmt":"2016-08-12T08:20:52","guid":{"rendered":"http:\/\/rita-dachner.com.w014d3be.kasserver.com\/?page_id=16"},"modified":"2025-11-07T15:53:56","modified_gmt":"2025-11-07T14:53:56","slug":"uebersetzung-ihrer-alten-dokumente","status":"publish","type":"page","link":"https:\/\/arin-dachner.com\/de\/","title":{"rendered":""},"content":{"rendered":"\n<h2 class=\"wp-block-heading has-text-align-center\">Herzlich Willkommen!<\/h2>\n\n\n<div class=\"wp-block-image\">\n<figure class=\"aligncenter is-resized\"><img data-opt-id=340801536  fetchpriority=\"high\" data-dominant-color=\"e3c7af\" data-has-transparency=\"false\" decoding=\"async\" src=\"https:\/\/mliqe6kzzid7.i.optimole.com\/w:918\/h:136\/q:mauto\/f:best\/https:\/\/arin-dachner.com\/wp-content\/uploads\/2025\/11\/MeineherzlichenWunsche-jpg.avif\" alt=\"\" class=\"wp-image-1526 not-transparent\" style=\"--dominant-color: #e3c7af; width:650px;height:auto\"\/><\/figure>\n<\/div>\n\n\n<p>Mein Name ist Arin Dachner und ich m\u00f6chte Ihnen anbieten, Ihre alten handschriftlichen Dokumente in moderne Schrift zu <a href=\"https:\/\/arin-dachner.com\/de\/uebersetzung-ihrer-alten-dokumente\/uebersetzung\/\">\u00fcbersetzen<\/a>. Zus\u00e4tzlich biete ich genealogische <a href=\"https:\/\/arin-dachner.com\/de\/uebersetzung-ihrer-alten-dokumente\/recherche-und-beratung\/\">Recherche und Beratung<\/a> an. (Bitte wundern Sie sich nicht, wenn Sie meine alte Webseite kennen &#8211; ich habe Anfang 2025 meinen Vornamen ge\u00e4ndert.)<\/p>\n\n\n\n<p> In Deutschland wurde fr\u00fcher eine Schreibschrift verwendet, die mit unserer heutigen nicht mehr viel gemeinsam hat. Bis ins 20. Jahrhundert hinein wurde diese <a href=\"https:\/\/arin-dachner.com\/de\/uebersetzung-ihrer-alten-dokumente\/alte-schriften-suetterlin-und-kurrent\/\">S\u00fctterlin- und Kurrentschrift<\/a> im Alltag benutzt und ist daher auf allen Arten von alten Dokumenten zu finden &#8211; auf Geburtsurkunden, Postkarten, Liebesbriefen, Testamenten, amtlichen Schreiben&#8230;<\/p>\n\n\n\n<figure class=\"wp-block-image size-large\"><img data-opt-id=1413661041  fetchpriority=\"high\" decoding=\"async\" width=\"1024\" height=\"213\" src=\"https:\/\/mliqe6kzzid7.i.optimole.com\/w:1024\/h:213\/q:mauto\/f:best\/https:\/\/arin-dachner.com\/wp-content\/uploads\/2019\/01\/Header2.png\" alt=\"Teil eines Briefes in Kurrentschrift.\" class=\"wp-image-854\"\/><\/figure>\n\n\n\n<h3 class=\"wp-block-heading\">Ahnenforschung<\/h3>\n\n\n\n<p class=\"has-text-align-left\">Vielleicht interessieren Sie sich f\u00fcr die <strong>Geschichte Ihrer Familie<\/strong> und fragen sich nun, worum es eigentlich in den hundert Jahre alten Briefen geht, die Sie auf dem Dachboden Ihrer Gro\u00dfeltern gefunden haben. Sie haben Urkunden aus Archiven vorliegen oder Sie m\u00f6chten mehr \u00fcber Ihren Stammbaum herausfinden.<\/p>\n\n\n\n<h3 class=\"wp-block-heading\">Akademische Recherche<\/h3>\n\n\n\n<p class=\"has-text-align-left\">Oder Sie schreiben an einer akademischen Arbeit, z.B. im Bereich <strong>Musik- oder Kunstgeschichte<\/strong>. Bei Ihren Recherchen sind Sie auf interessante Schriftst\u00fccke eines K\u00fcnstlers gesto\u00dfen, die Sie jedoch leider nicht lesen k\u00f6nnen.<\/p>\n\n\n\n<h3 class=\"wp-block-heading\">Juristische Recherche<\/h3>\n\n\n\n<p class=\"has-text-align-left\">Wom\u00f6glich wurden Sie damit beauftragt, die <strong>Besitzverh\u00e4ltnisse eines Grundst\u00fccks<\/strong> zu kl\u00e4ren. Sie haben nachgeforscht und sind f\u00fcndig geworden, aber sitzen nun ratlos vor uralten Grundbucheintr\u00e4gen.<\/p>\n\n\n\n<hr class=\"wp-block-separator has-alpha-channel-opacity\"\/>\n\n\n\n<p class=\"has-text-align-left\">In all diesen F\u00e4llen kann ich Ihnen helfen. Ich habe meine Begeisterung f\u00fcr alte Schriften zum Beruf gemacht und mich auf die <strong>Transkription von S\u00fctterlin- und Kurrentschrift<\/strong> spezialisiert. Auch mit der <strong>Archivrecherche<\/strong> kenne ich mich aus und biete an, Ihre Familiengeschichte mit Ihnen zu erforschen. <\/p>\n\n\n\n<p class=\"has-text-align-left\">Gerne will ich Sie dabei unterst\u00fctzen, die Geheimnisse dieser alten Dokumente zu ergr\u00fcnden. <\/p>\n\n\n<div class=\"wp-block-image\">\n<figure class=\"aligncenter\"><img data-opt-id=790307142  fetchpriority=\"high\" decoding=\"async\" width=\"1024\" height=\"683\" src=\"https:\/\/mliqe6kzzid7.i.optimole.com\/w:1024\/h:683\/q:mauto\/f:best\/https:\/\/arin-dachner.com\/wp-content\/uploads\/2016\/11\/Rita2016DirektFarbe.jpg\" alt=\"Eine wei\u00dfe Person mit Brille und lockigen braunen Haaren sitzt an einem Schreibtisch; sie hat einen Laptop, B\u00fccher und mehrere alte Dokumente vor sich liegen. Sie schaut in die Kamera und l\u00e4chelt.\" class=\"wp-image-512\" srcset=\"https:\/\/mliqe6kzzid7.i.optimole.com\/w:1024\/h:683\/q:mauto\/f:best\/https:\/\/arin-dachner.com\/wp-content\/uploads\/2016\/11\/Rita2016DirektFarbe.jpg 1024w, https:\/\/mliqe6kzzid7.i.optimole.com\/w:300\/h:200\/q:mauto\/f:best\/https:\/\/arin-dachner.com\/wp-content\/uploads\/2016\/11\/Rita2016DirektFarbe.jpg 300w, https:\/\/mliqe6kzzid7.i.optimole.com\/w:768\/h:512\/q:mauto\/f:best\/https:\/\/arin-dachner.com\/wp-content\/uploads\/2016\/11\/Rita2016DirektFarbe.jpg 768w\" sizes=\"(max-width: 1024px) 100vw, 1024px\" \/><\/figure>\n<\/div>\n\n\n<hr class=\"wp-block-separator has-alpha-channel-opacity\"\/>\n\n\n\n<h2 class=\"wp-block-heading\">Vielleicht fragen Sie sich: &#8222;Aber k\u00f6nnen diese Texte nicht von KI \u00fcbersetzt werden?<\/h2>\n\n\n\n<p>Jein. Es gibt mindestens eine KI, die auf Transkriptionen handgeschriebener deutscher Dokumente spezialisiert ist. Ich habe ihre kostenlose Version getestet, und es hat sich herausgestellt, dass sie noch viele Fehler macht.<\/p>\n\n\n\n<p><strong>Zumindest im Moment kann ich also von mir behaupten, dass ich sehr viel genauer arbeite.<\/strong> Zudem wird die KI Ihnen keinen historischen Kontext liefern, und sie wird auch nicht die moderne Schreibweise des Dorfes herausfinden, indem Ihr Vorfahr gelebt hat.<\/p>\n\n\n\n<p>Wenn Sie sich jedoch entscheiden, ein handschriftliches Dokument von einer KI \u00fcbersetzen zu lassen, achten Sie unbedingt darauf, dass es sich um eine KI handelt, die speziell daf\u00fcr trainiert wurde. Benutzen Sie keinen Chatbot wie Gemini oder ChatGPT &#8211; denn diese k\u00f6nnen keine Kurrentschrift lesen, auch wenn sie eventuell so tun werden, als ob sie es k\u00f6nnten.<\/p>\n","protected":false},"excerpt":{"rendered":"<p>Herzlich Willkommen! Mein Name ist Arin Dachner und ich m\u00f6chte Ihnen anbieten, Ihre alten handschriftlichen Dokumente in moderne Schrift zu \u00fcbersetzen. Zus\u00e4tzlich biete ich genealogische Recherche und Beratung an. (Bitte wundern Sie sich nicht, wenn Sie meine alte Webseite kennen &#8211; ich habe Anfang 2025 meinen Vornamen ge\u00e4ndert.) In Deutschland wurde fr\u00fcher eine Schreibschrift verwendet, &#8230; <\/p>\n<p class=\"read-more-container\"><a title=\"\" class=\"read-more button\" href=\"https:\/\/arin-dachner.com\/de\/#more-16\">Read more<span class=\"screen-reader-text\"><\/span><\/a><\/p>\n","protected":false},"author":3,"featured_media":0,"parent":0,"menu_order":0,"comment_status":"closed","ping_status":"closed","template":"","meta":{"parvati_pageheader":"","_themeisle_gutenberg_block_has_review":false,"footnotes":""},"class_list":["post-16","page","type-page","status-publish"],"yoast_head":"<!-- This site is optimized with the Yoast SEO plugin v27.4 - https:\/\/yoast.com\/product\/yoast-seo-wordpress\/ -->\n<title>- Arin Dachner<\/title>\n<meta name=\"description\" content=\"Haben Sie Dokumente in S\u00fctterlinschrift? Ich biete Ihnen die \u00dcbersetzung alter Dokumente in moderne Schrift sowie genealogische Recherche an.\" \/>\n<meta name=\"robots\" content=\"index, follow, max-snippet:-1, max-image-preview:large, max-video-preview:-1\" \/>\n<link rel=\"canonical\" href=\"https:\/\/arin-dachner.com\/de\/\" \/>\n<meta property=\"og:locale\" content=\"de_DE\" \/>\n<meta property=\"og:type\" content=\"article\" \/>\n<meta property=\"og:title\" content=\"- Arin Dachner\" \/>\n<meta property=\"og:description\" content=\"Haben Sie Dokumente in S\u00fctterlinschrift? Ich biete Ihnen die \u00dcbersetzung alter Dokumente in moderne Schrift sowie genealogische Recherche an.\" \/>\n<meta property=\"og:url\" content=\"https:\/\/arin-dachner.com\/de\/\" \/>\n<meta property=\"og:site_name\" content=\"Arin Dachner\" \/>\n<meta property=\"article:modified_time\" content=\"2025-11-07T14:53:56+00:00\" \/>\n<meta property=\"og:image\" content=\"https:\/\/mliqe6kzzid7.i.optimole.com\/w:auto\/h:auto\/q:mauto\/f:best\/https:\/\/arin-dachner.com\/wp-content\/uploads\/2025\/11\/MeineherzlichenWunsche.jpg\" \/>\n\t<meta property=\"og:image:width\" content=\"918\" \/>\n\t<meta property=\"og:image:height\" content=\"136\" \/>\n\t<meta property=\"og:image:type\" content=\"image\/jpeg\" \/>\n<meta name=\"twitter:card\" content=\"summary_large_image\" \/>\n<meta name=\"twitter:label1\" content=\"Gesch\u00e4tzte Lesezeit\" \/>\n\t<meta name=\"twitter:data1\" content=\"3\u00a0Minuten\" \/>\n<script type=\"application\/ld+json\" class=\"yoast-schema-graph\">{\"@context\":\"https:\\\/\\\/schema.org\",\"@graph\":[{\"@type\":\"WebPage\",\"@id\":\"https:\\\/\\\/arin-dachner.com\\\/de\\\/\",\"url\":\"https:\\\/\\\/arin-dachner.com\\\/de\\\/\",\"name\":\"- Arin Dachner\",\"isPartOf\":{\"@id\":\"https:\\\/\\\/arin-dachner.com\\\/de\\\/#website\"},\"primaryImageOfPage\":{\"@id\":\"https:\\\/\\\/arin-dachner.com\\\/de\\\/#primaryimage\"},\"image\":{\"@id\":\"https:\\\/\\\/arin-dachner.com\\\/de\\\/#primaryimage\"},\"thumbnailUrl\":\"https:\\/\\/mliqe6kzzid7.i.optimole.com\\/w:918\\/h:136\\/q:mauto\\/f:best\\/https:\\/\\/arin-dachner.com\\/wp-content\\/uploads\\/2025\\/11\\/MeineherzlichenWunsche-jpg.avif\",\"datePublished\":\"2016-08-12T08:20:52+00:00\",\"dateModified\":\"2025-11-07T14:53:56+00:00\",\"description\":\"Haben Sie Dokumente in S\u00fctterlinschrift? Ich biete Ihnen die \u00dcbersetzung alter Dokumente in moderne Schrift sowie genealogische Recherche an.\",\"inLanguage\":\"de\",\"potentialAction\":[{\"@type\":\"ReadAction\",\"target\":[\"https:\\\/\\\/arin-dachner.com\\\/de\\\/\"]}]},{\"@type\":\"ImageObject\",\"inLanguage\":\"de\",\"@id\":\"https:\\\/\\\/arin-dachner.com\\\/de\\\/#primaryimage\",\"url\":\"https:\\/\\/mliqe6kzzid7.i.optimole.com\\/w:918\\/h:136\\/q:mauto\\/f:best\\/https:\\/\\/arin-dachner.com\\/wp-content\\/uploads\\/2025\\/11\\/MeineherzlichenWunsche-jpg.avif\",\"contentUrl\":\"https:\\/\\/mliqe6kzzid7.i.optimole.com\\/w:918\\/h:136\\/q:mauto\\/f:best\\/https:\\/\\/arin-dachner.com\\/wp-content\\/uploads\\/2025\\/11\\/MeineherzlichenWunsche-jpg.avif\"},{\"@type\":\"WebSite\",\"@id\":\"https:\\\/\\\/arin-dachner.com\\\/de\\\/#website\",\"url\":\"https:\\\/\\\/arin-dachner.com\\\/de\\\/\",\"name\":\"Arin Dachner\",\"description\":\"\u00dcbersetzungen alter handschriftlicher Dokumente\",\"potentialAction\":[{\"@type\":\"SearchAction\",\"target\":{\"@type\":\"EntryPoint\",\"urlTemplate\":\"https:\\\/\\\/arin-dachner.com\\\/de\\\/?s={search_term_string}\"},\"query-input\":{\"@type\":\"PropertyValueSpecification\",\"valueRequired\":true,\"valueName\":\"search_term_string\"}}],\"inLanguage\":\"de\"}]}<\/script>\n<!-- \/ Yoast SEO plugin. -->","yoast_head_json":{"title":"- Arin Dachner","description":"Haben Sie Dokumente in S\u00fctterlinschrift? Ich biete Ihnen die \u00dcbersetzung alter Dokumente in moderne Schrift sowie genealogische Recherche an.","robots":{"index":"index","follow":"follow","max-snippet":"max-snippet:-1","max-image-preview":"max-image-preview:large","max-video-preview":"max-video-preview:-1"},"canonical":"https:\/\/arin-dachner.com\/de\/","og_locale":"de_DE","og_type":"article","og_title":"- Arin Dachner","og_description":"Haben Sie Dokumente in S\u00fctterlinschrift? Ich biete Ihnen die \u00dcbersetzung alter Dokumente in moderne Schrift sowie genealogische Recherche an.","og_url":"https:\/\/arin-dachner.com\/de\/","og_site_name":"Arin Dachner","article_modified_time":"2025-11-07T14:53:56+00:00","og_image":[{"width":918,"height":136,"url":"https:\/\/mliqe6kzzid7.i.optimole.com\/w:auto\/h:auto\/q:mauto\/f:best\/https:\/\/arin-dachner.com\/wp-content\/uploads\/2025\/11\/MeineherzlichenWunsche.jpg","type":"image\/jpeg"}],"twitter_card":"summary_large_image","twitter_misc":{"Gesch\u00e4tzte Lesezeit":"3\u00a0Minuten"},"schema":{"@context":"https:\/\/schema.org","@graph":[{"@type":"WebPage","@id":"https:\/\/arin-dachner.com\/de\/","url":"https:\/\/arin-dachner.com\/de\/","name":"- Arin Dachner","isPartOf":{"@id":"https:\/\/arin-dachner.com\/de\/#website"},"primaryImageOfPage":{"@id":"https:\/\/arin-dachner.com\/de\/#primaryimage"},"image":{"@id":"https:\/\/arin-dachner.com\/de\/#primaryimage"},"thumbnailUrl":"https:\/\/mliqe6kzzid7.i.optimole.com\/w:918\/h:136\/q:mauto\/f:best\/https:\/\/arin-dachner.com\/wp-content\/uploads\/2025\/11\/MeineherzlichenWunsche-jpg.avif","datePublished":"2016-08-12T08:20:52+00:00","dateModified":"2025-11-07T14:53:56+00:00","description":"Haben Sie Dokumente in S\u00fctterlinschrift? Ich biete Ihnen die \u00dcbersetzung alter Dokumente in moderne Schrift sowie genealogische Recherche an.","inLanguage":"de","potentialAction":[{"@type":"ReadAction","target":["https:\/\/arin-dachner.com\/de\/"]}]},{"@type":"ImageObject","inLanguage":"de","@id":"https:\/\/arin-dachner.com\/de\/#primaryimage","url":"https:\/\/mliqe6kzzid7.i.optimole.com\/w:918\/h:136\/q:mauto\/f:best\/https:\/\/arin-dachner.com\/wp-content\/uploads\/2025\/11\/MeineherzlichenWunsche-jpg.avif","contentUrl":"https:\/\/mliqe6kzzid7.i.optimole.com\/w:918\/h:136\/q:mauto\/f:best\/https:\/\/arin-dachner.com\/wp-content\/uploads\/2025\/11\/MeineherzlichenWunsche-jpg.avif"},{"@type":"WebSite","@id":"https:\/\/arin-dachner.com\/de\/#website","url":"https:\/\/arin-dachner.com\/de\/","name":"Arin Dachner","description":"\u00dcbersetzungen alter handschriftlicher Dokumente","potentialAction":[{"@type":"SearchAction","target":{"@type":"EntryPoint","urlTemplate":"https:\/\/arin-dachner.com\/de\/?s={search_term_string}"},"query-input":{"@type":"PropertyValueSpecification","valueRequired":true,"valueName":"search_term_string"}}],"inLanguage":"de"}]}},"_links":{"self":[{"href":"https:\/\/arin-dachner.com\/de\/wp-json\/wp\/v2\/page\/16","targetHints":{"allow":["GET"]}}],"collection":[{"href":"https:\/\/arin-dachner.com\/de\/wp-json\/wp\/v2\/page"}],"about":[{"href":"https:\/\/arin-dachner.com\/de\/wp-json\/wp\/v2\/types\/page"}],"author":[{"embeddable":true,"href":"https:\/\/arin-dachner.com\/de\/wp-json\/wp\/v2\/users\/3"}],"replies":[{"embeddable":true,"href":"https:\/\/arin-dachner.com\/de\/wp-json\/wp\/v2\/comments?post=16"}],"version-history":[{"count":10,"href":"https:\/\/arin-dachner.com\/de\/wp-json\/wp\/v2\/page\/16\/revisions"}],"predecessor-version":[{"id":1541,"href":"https:\/\/arin-dachner.com\/de\/wp-json\/wp\/v2\/page\/16\/revisions\/1541"}],"wp:attachment":[{"href":"https:\/\/arin-dachner.com\/de\/wp-json\/wp\/v2\/media?parent=16"}],"curies":[{"name":"wp","href":"https:\/\/api.w.org\/{rel}","templated":true}]}}