{"id":137,"date":"2016-09-09T10:12:28","date_gmt":"2016-09-09T08:12:28","guid":{"rendered":"http:\/\/rita-dachner.com.w014d3be.kasserver.com\/?page_id=137"},"modified":"2025-04-10T14:48:50","modified_gmt":"2025-04-10T12:48:50","slug":"alte-schriften-suetterlin-und-kurrent","status":"publish","type":"page","link":"https:\/\/arin-dachner.com\/de\/uebersetzung-ihrer-alten-dokumente\/alte-schriften-suetterlin-und-kurrent\/","title":{"rendered":"Alte Schriften"},"content":{"rendered":"\n<p>Auf alten deutschen Schriftst\u00fccken finden wir oft eine Handschrift, die unserer heutigen Schrift zwar auf den ersten Blick \u00e4hnelt, aber dann doch so anders ist, dass man sie nicht ohne Weiteres lesen kann. Diese&nbsp;<strong>Kurrentschrift<\/strong>, manchmal auch einfach &#8222;Alte Deutsche Schrift&#8220; genannt, wurde bis in die Mitte des 20. Jahrhunderts hinein im gesamten deutschen Sprachraum benutzt und mit leichten Abwandlungen auch in Skandinavien verwendet.<\/p>\n\n\n<div class=\"wp-block-image size-medium wp-image-149\">\n<figure class=\"aligncenter\"><img data-opt-id=323260741  fetchpriority=\"high\" decoding=\"async\" width=\"262\" height=\"300\" src=\"https:\/\/mliqe6kzzid7.i.optimole.com\/w:262\/h:300\/q:mauto\/f:best\/https:\/\/arin-dachner.com\/wp-content\/uploads\/2016\/09\/Deutsche_Kurrentschrift.jpg\" alt=\"Das deutsche Alphabet in Kurrentschrift, mit modernen Druckbuchstaben zum Vergleich.\" class=\"wp-image-149\"\/><figcaption class=\"wp-element-caption\"><span style=\"font-size: small;\">Kurrentschrift, Quelle: Wikimedia Commons<\/span><\/figcaption><\/figure>\n<\/div>\n\n\n<p>1911 entwickelte der Grafiker Ludwig S\u00fctterlin eine modernere Version der Kurrentschrift, die nach ihm benannte <strong>S\u00fctterlinschrift<\/strong>.<\/p>\n\n\n<div class=\"wp-block-image size-medium wp-image-150\">\n<figure class=\"aligncenter\"><img data-opt-id=1113995956  fetchpriority=\"high\" decoding=\"async\" width=\"300\" height=\"232\" src=\"https:\/\/mliqe6kzzid7.i.optimole.com\/w:300\/h:232\/q:mauto\/f:best\/https:\/\/arin-dachner.com\/wp-content\/uploads\/2016\/09\/Sütterlinbuchstaben.png\" alt=\"Das deutsche Alphabet in S\u00fctterlinschrift.\" class=\"wp-image-150\" srcset=\"https:\/\/mliqe6kzzid7.i.optimole.com\/w:300\/h:232\/q:mauto\/f:best\/https:\/\/arin-dachner.com\/wp-content\/uploads\/2016\/09\/S\u00fctterlinbuchstaben.png 300w, https:\/\/mliqe6kzzid7.i.optimole.com\/w:602\/h:465\/q:mauto\/f:best\/https:\/\/arin-dachner.com\/wp-content\/uploads\/2016\/09\/S\u00fctterlinbuchstaben.png 602w\" sizes=\"(max-width: 300px) 100vw, 300px\" \/><figcaption class=\"wp-element-caption\"><span style=\"font-size: small;\">S\u00fctterlinschrift, Quelle: Wikimedia Commons<\/span><\/figcaption><\/figure>\n<\/div>\n\n\n<p>Die S\u00fctterlinschrift sollte mit ihren vereinfachten und breiteren Buchstaben Kindern das Schreibenlernen erleichtern.<\/p>\n\n\n<div class=\"wp-block-image size-medium\">\n<figure class=\"aligncenter\"><img data-opt-id=45896582  fetchpriority=\"high\" decoding=\"async\" src=\"https:\/\/upload.wikimedia.org\/wikipedia\/commons\/thumb\/3\/31\/Schulheft_1929_Berlin_SlgKiJu.jpg\/800px-Schulheft_1929_Berlin_SlgKiJu.jpg\" alt=\"Eine Doppelseite eines mit Bl\u00fcmchen verzierten Schulheftes mit Schreib\u00fcbungen in S\u00fctterlinschrift.\"\/><figcaption class=\"wp-element-caption\"><span style=\"font-size: small;\">Schreib\u00fcbungen 1929, Quelle: Wikimedia Commons<\/span><\/figcaption><\/figure>\n<\/div>\n\n\n<p>1941 wurde die Verwendung dieser Schriften im Deutschen Reich verboten und an den Schulen wurde nur noch die lateinische Schrift gelehrt. Daher k\u00f6nnen heute nur noch wenige Menschen S\u00fctterlin- und Kurrentschrift lesen.<\/p>\n","protected":false},"excerpt":{"rendered":"<p>Auf alten deutschen Schriftst\u00fccken finden wir oft eine Handschrift, die unserer heutigen Schrift zwar auf den ersten Blick \u00e4hnelt, aber dann doch so anders ist, dass man sie nicht ohne Weiteres lesen kann. Diese&nbsp;Kurrentschrift, manchmal auch einfach &#8222;Alte Deutsche Schrift&#8220; genannt, wurde bis in die Mitte des 20. Jahrhunderts hinein im gesamten deutschen Sprachraum benutzt &#8230; <\/p>\n<p class=\"read-more-container\"><a title=\"Alte Schriften\" class=\"read-more button\" href=\"https:\/\/arin-dachner.com\/de\/uebersetzung-ihrer-alten-dokumente\/alte-schriften-suetterlin-und-kurrent\/#more-137\">Read more<span class=\"screen-reader-text\">Alte Schriften<\/span><\/a><\/p>\n","protected":false},"author":3,"featured_media":0,"parent":16,"menu_order":0,"comment_status":"closed","ping_status":"closed","template":"","meta":{"parvati_pageheader":"","_themeisle_gutenberg_block_has_review":false,"footnotes":""},"class_list":["post-137","page","type-page","status-publish"],"yoast_head":"<!-- This site is optimized with the Yoast SEO plugin v27.5 - https:\/\/yoast.com\/product\/yoast-seo-wordpress\/ -->\n<title>- Alte Schriften - Arin Dachner<\/title>\n<meta name=\"description\" content=\"Alte Dokumente sind meist in S\u00fctterlin- oder Kurrentschrift geschrieben. Hier finden Sie Wissenswertes \u00fcber diese Schriften vergangener Zeiten.\" \/>\n<meta name=\"robots\" content=\"index, follow, max-snippet:-1, max-image-preview:large, max-video-preview:-1\" \/>\n<link rel=\"canonical\" href=\"https:\/\/arin-dachner.com\/de\/uebersetzung-ihrer-alten-dokumente\/alte-schriften-suetterlin-und-kurrent\/\" \/>\n<meta property=\"og:locale\" content=\"de_DE\" \/>\n<meta property=\"og:type\" content=\"article\" \/>\n<meta property=\"og:title\" content=\"- Alte Schriften - Arin Dachner\" \/>\n<meta property=\"og:description\" content=\"Alte Dokumente sind meist in S\u00fctterlin- oder Kurrentschrift geschrieben. Hier finden Sie Wissenswertes \u00fcber diese Schriften vergangener Zeiten.\" \/>\n<meta property=\"og:url\" content=\"https:\/\/arin-dachner.com\/de\/uebersetzung-ihrer-alten-dokumente\/alte-schriften-suetterlin-und-kurrent\/\" \/>\n<meta property=\"og:site_name\" content=\"Arin Dachner\" \/>\n<meta property=\"article:modified_time\" content=\"2025-04-10T12:48:50+00:00\" \/>\n<meta property=\"og:image\" content=\"https:\/\/mliqe6kzzid7.i.optimole.com\/w:auto\/h:auto\/q:mauto\/f:best\/https:\/\/arin-dachner.com\/wp-content\/uploads\/2016\/09\/Deutsche_Kurrentschrift-e1473415769859.jpg\" \/>\n\t<meta property=\"og:image:width\" content=\"600\" \/>\n\t<meta property=\"og:image:height\" content=\"687\" \/>\n\t<meta property=\"og:image:type\" content=\"image\/jpeg\" \/>\n<meta name=\"twitter:card\" content=\"summary_large_image\" \/>\n<meta name=\"twitter:label1\" content=\"Gesch\u00e4tzte Lesezeit\" \/>\n\t<meta name=\"twitter:data1\" content=\"2\u00a0Minuten\" \/>\n<script type=\"application\/ld+json\" class=\"yoast-schema-graph\">{\"@context\":\"https:\\\/\\\/schema.org\",\"@graph\":[{\"@type\":\"WebPage\",\"@id\":\"https:\\\/\\\/arin-dachner.com\\\/de\\\/uebersetzung-ihrer-alten-dokumente\\\/alte-schriften-suetterlin-und-kurrent\\\/\",\"url\":\"https:\\\/\\\/arin-dachner.com\\\/de\\\/uebersetzung-ihrer-alten-dokumente\\\/alte-schriften-suetterlin-und-kurrent\\\/\",\"name\":\"- Alte Schriften - Arin Dachner\",\"isPartOf\":{\"@id\":\"https:\\\/\\\/arin-dachner.com\\\/de\\\/#website\"},\"primaryImageOfPage\":{\"@id\":\"https:\\\/\\\/arin-dachner.com\\\/de\\\/uebersetzung-ihrer-alten-dokumente\\\/alte-schriften-suetterlin-und-kurrent\\\/#primaryimage\"},\"image\":{\"@id\":\"https:\\\/\\\/arin-dachner.com\\\/de\\\/uebersetzung-ihrer-alten-dokumente\\\/alte-schriften-suetterlin-und-kurrent\\\/#primaryimage\"},\"thumbnailUrl\":\"https:\\/\\/arin-dachner.com\\/wp-content\\/uploads\\/2016\\/09\\/Deutsche_Kurrentschrift-262x300.jpg\",\"datePublished\":\"2016-09-09T08:12:28+00:00\",\"dateModified\":\"2025-04-10T12:48:50+00:00\",\"description\":\"Alte Dokumente sind meist in S\u00fctterlin- oder Kurrentschrift geschrieben. Hier finden Sie Wissenswertes \u00fcber diese Schriften vergangener Zeiten.\",\"breadcrumb\":{\"@id\":\"https:\\\/\\\/arin-dachner.com\\\/de\\\/uebersetzung-ihrer-alten-dokumente\\\/alte-schriften-suetterlin-und-kurrent\\\/#breadcrumb\"},\"inLanguage\":\"de\",\"potentialAction\":[{\"@type\":\"ReadAction\",\"target\":[\"https:\\\/\\\/arin-dachner.com\\\/de\\\/uebersetzung-ihrer-alten-dokumente\\\/alte-schriften-suetterlin-und-kurrent\\\/\"]}]},{\"@type\":\"ImageObject\",\"inLanguage\":\"de\",\"@id\":\"https:\\\/\\\/arin-dachner.com\\\/de\\\/uebersetzung-ihrer-alten-dokumente\\\/alte-schriften-suetterlin-und-kurrent\\\/#primaryimage\",\"url\":\"https:\\/\\/arin-dachner.com\\/wp-content\\/uploads\\/2016\\/09\\/Deutsche_Kurrentschrift-262x300.jpg\",\"contentUrl\":\"https:\\/\\/arin-dachner.com\\/wp-content\\/uploads\\/2016\\/09\\/Deutsche_Kurrentschrift-262x300.jpg\"},{\"@type\":\"BreadcrumbList\",\"@id\":\"https:\\\/\\\/arin-dachner.com\\\/de\\\/uebersetzung-ihrer-alten-dokumente\\\/alte-schriften-suetterlin-und-kurrent\\\/#breadcrumb\",\"itemListElement\":[{\"@type\":\"ListItem\",\"position\":1,\"name\":\"Startseite\",\"item\":\"https:\\\/\\\/arin-dachner.com\\\/de\\\/\"},{\"@type\":\"ListItem\",\"position\":2,\"name\":\"Alte Schriften\"}]},{\"@type\":\"WebSite\",\"@id\":\"https:\\\/\\\/arin-dachner.com\\\/de\\\/#website\",\"url\":\"https:\\\/\\\/arin-dachner.com\\\/de\\\/\",\"name\":\"Arin Dachner\",\"description\":\"ein neuer Blick aufs Alte\",\"potentialAction\":[{\"@type\":\"SearchAction\",\"target\":{\"@type\":\"EntryPoint\",\"urlTemplate\":\"https:\\\/\\\/arin-dachner.com\\\/de\\\/?s={search_term_string}\"},\"query-input\":{\"@type\":\"PropertyValueSpecification\",\"valueRequired\":true,\"valueName\":\"search_term_string\"}}],\"inLanguage\":\"de\"}]}<\/script>\n<!-- \/ Yoast SEO plugin. -->","yoast_head_json":{"title":"- Alte Schriften - Arin Dachner","description":"Alte Dokumente sind meist in S\u00fctterlin- oder Kurrentschrift geschrieben. Hier finden Sie Wissenswertes \u00fcber diese Schriften vergangener Zeiten.","robots":{"index":"index","follow":"follow","max-snippet":"max-snippet:-1","max-image-preview":"max-image-preview:large","max-video-preview":"max-video-preview:-1"},"canonical":"https:\/\/arin-dachner.com\/de\/uebersetzung-ihrer-alten-dokumente\/alte-schriften-suetterlin-und-kurrent\/","og_locale":"de_DE","og_type":"article","og_title":"- Alte Schriften - Arin Dachner","og_description":"Alte Dokumente sind meist in S\u00fctterlin- oder Kurrentschrift geschrieben. Hier finden Sie Wissenswertes \u00fcber diese Schriften vergangener Zeiten.","og_url":"https:\/\/arin-dachner.com\/de\/uebersetzung-ihrer-alten-dokumente\/alte-schriften-suetterlin-und-kurrent\/","og_site_name":"Arin Dachner","article_modified_time":"2025-04-10T12:48:50+00:00","og_image":[{"width":600,"height":687,"url":"https:\/\/mliqe6kzzid7.i.optimole.com\/w:auto\/h:auto\/q:mauto\/f:best\/https:\/\/arin-dachner.com\/wp-content\/uploads\/2016\/09\/Deutsche_Kurrentschrift-e1473415769859.jpg","type":"image\/jpeg"}],"twitter_card":"summary_large_image","twitter_misc":{"Gesch\u00e4tzte Lesezeit":"2\u00a0Minuten"},"schema":{"@context":"https:\/\/schema.org","@graph":[{"@type":"WebPage","@id":"https:\/\/arin-dachner.com\/de\/uebersetzung-ihrer-alten-dokumente\/alte-schriften-suetterlin-und-kurrent\/","url":"https:\/\/arin-dachner.com\/de\/uebersetzung-ihrer-alten-dokumente\/alte-schriften-suetterlin-und-kurrent\/","name":"- Alte Schriften - Arin Dachner","isPartOf":{"@id":"https:\/\/arin-dachner.com\/de\/#website"},"primaryImageOfPage":{"@id":"https:\/\/arin-dachner.com\/de\/uebersetzung-ihrer-alten-dokumente\/alte-schriften-suetterlin-und-kurrent\/#primaryimage"},"image":{"@id":"https:\/\/arin-dachner.com\/de\/uebersetzung-ihrer-alten-dokumente\/alte-schriften-suetterlin-und-kurrent\/#primaryimage"},"thumbnailUrl":"https:\/\/mliqe6kzzid7.i.optimole.com\/w:262\/h:300\/q:mauto\/f:best\/https:\/\/arin-dachner.com\/wp-content\/uploads\/2016\/09\/Deutsche_Kurrentschrift.jpg","datePublished":"2016-09-09T08:12:28+00:00","dateModified":"2025-04-10T12:48:50+00:00","description":"Alte Dokumente sind meist in S\u00fctterlin- oder Kurrentschrift geschrieben. Hier finden Sie Wissenswertes \u00fcber diese Schriften vergangener Zeiten.","breadcrumb":{"@id":"https:\/\/arin-dachner.com\/de\/uebersetzung-ihrer-alten-dokumente\/alte-schriften-suetterlin-und-kurrent\/#breadcrumb"},"inLanguage":"de","potentialAction":[{"@type":"ReadAction","target":["https:\/\/arin-dachner.com\/de\/uebersetzung-ihrer-alten-dokumente\/alte-schriften-suetterlin-und-kurrent\/"]}]},{"@type":"ImageObject","inLanguage":"de","@id":"https:\/\/arin-dachner.com\/de\/uebersetzung-ihrer-alten-dokumente\/alte-schriften-suetterlin-und-kurrent\/#primaryimage","url":"https:\/\/mliqe6kzzid7.i.optimole.com\/w:262\/h:300\/q:mauto\/f:best\/https:\/\/arin-dachner.com\/wp-content\/uploads\/2016\/09\/Deutsche_Kurrentschrift.jpg","contentUrl":"https:\/\/mliqe6kzzid7.i.optimole.com\/w:262\/h:300\/q:mauto\/f:best\/https:\/\/arin-dachner.com\/wp-content\/uploads\/2016\/09\/Deutsche_Kurrentschrift.jpg"},{"@type":"BreadcrumbList","@id":"https:\/\/arin-dachner.com\/de\/uebersetzung-ihrer-alten-dokumente\/alte-schriften-suetterlin-und-kurrent\/#breadcrumb","itemListElement":[{"@type":"ListItem","position":1,"name":"Startseite","item":"https:\/\/arin-dachner.com\/de\/"},{"@type":"ListItem","position":2,"name":"Alte Schriften"}]},{"@type":"WebSite","@id":"https:\/\/arin-dachner.com\/de\/#website","url":"https:\/\/arin-dachner.com\/de\/","name":"Arin Dachner","description":"ein neuer Blick aufs Alte","potentialAction":[{"@type":"SearchAction","target":{"@type":"EntryPoint","urlTemplate":"https:\/\/arin-dachner.com\/de\/?s={search_term_string}"},"query-input":{"@type":"PropertyValueSpecification","valueRequired":true,"valueName":"search_term_string"}}],"inLanguage":"de"}]}},"_links":{"self":[{"href":"https:\/\/arin-dachner.com\/de\/wp-json\/wp\/v2\/page\/137","targetHints":{"allow":["GET"]}}],"collection":[{"href":"https:\/\/arin-dachner.com\/de\/wp-json\/wp\/v2\/page"}],"about":[{"href":"https:\/\/arin-dachner.com\/de\/wp-json\/wp\/v2\/types\/page"}],"author":[{"embeddable":true,"href":"https:\/\/arin-dachner.com\/de\/wp-json\/wp\/v2\/users\/3"}],"replies":[{"embeddable":true,"href":"https:\/\/arin-dachner.com\/de\/wp-json\/wp\/v2\/comments?post=137"}],"version-history":[{"count":9,"href":"https:\/\/arin-dachner.com\/de\/wp-json\/wp\/v2\/page\/137\/revisions"}],"predecessor-version":[{"id":1201,"href":"https:\/\/arin-dachner.com\/de\/wp-json\/wp\/v2\/page\/137\/revisions\/1201"}],"up":[{"embeddable":true,"href":"https:\/\/arin-dachner.com\/de\/wp-json\/wp\/v2\/page\/16"}],"wp:attachment":[{"href":"https:\/\/arin-dachner.com\/de\/wp-json\/wp\/v2\/media?parent=137"}],"curies":[{"name":"wp","href":"https:\/\/api.w.org\/{rel}","templated":true}]}}