{"id":1222,"date":"2023-02-23T14:11:32","date_gmt":"2023-02-23T13:11:32","guid":{"rendered":"https:\/\/rita-dachner.com\/?page_id=1222"},"modified":"2025-04-10T15:18:42","modified_gmt":"2025-04-10T13:18:42","slug":"recherche-und-beratung","status":"publish","type":"page","link":"https:\/\/arin-dachner.com\/de\/uebersetzung-ihrer-alten-dokumente\/recherche-und-beratung\/","title":{"rendered":"Recherche und Beratung"},"content":{"rendered":"\n<p>Bitte <a href=\"https:\/\/arin-dachner.com\/de\/uebersetzung-ihrer-alten-dokumente\/kontakt\/\" target=\"_blank\" rel=\"noreferrer noopener\">kontaktieren Sie mich<\/a>, damit ich Ihnen ein individuelles Angebot machen kann. Ihre Anfrage ist kostenlos und selbstverst\u00e4ndlich werden alle Daten vertraulich behandelt.<\/p>\n\n\n\n<hr class=\"wp-block-separator has-alpha-channel-opacity\"\/>\n\n\n\n<h2 class=\"wp-block-heading\"><strong>Stammbaumrecherche<\/strong><\/h2>\n\n\n\n<p>F\u00fcr die Recherche berechne ich zun\u00e4chst einen Grundbetrag von 50 \u20ac. Wir besprechen per Video oder eMail den geplanten Rechercheumfang und halten diesen in einem Vertrag fest.<br>Die Recherche selbst kostet dann 25 \u20ac pro angefangener halber Stunde.<br>Falls Dokumente gesondert bei \u00c4mtern oder Archiven angefordert werden m\u00fcssen, geschieht das nur nach Absprache mit Ihnen, da daf\u00fcr meistens Kosten anfallen.<\/p>\n\n\n\n<p>Nach Abschluss der Recherche erhalten Sie von mir eine \u00dcbersicht \u00fcber alle gewonnenen Informationen (Namen, Daten, Orte, Berufe, Verwandschaftverh\u00e4ltnisse) sowie eine Auflistung der Dokumente, die diesen zugrunde liegen.<\/p>\n\n\n\n<p>(Alle Preise sind vorl\u00e4ufig. Es besteht keine Garantie darauf, dass alle Kinder oder Geschwister einer Person gefunden werden.)<\/p>\n\n\n\n<figure class=\"wp-block-image size-large is-style-default\"><img data-opt-id=1481836298  data-dominant-color=\"565654\" data-has-transparency=\"false\" style=\"--dominant-color: #565654;\" fetchpriority=\"high\" decoding=\"async\" width=\"1024\" height=\"219\" src=\"https:\/\/mliqe6kzzid7.i.optimole.com\/w:1024\/h:219\/q:mauto\/f:best\/https:\/\/arin-dachner.com\/wp-content\/uploads\/2023\/02\/cropped-cropped-Maserung.jpeg\" alt=\"altes, gemasertes Holz\" class=\"wp-image-1232 not-transparent\" srcset=\"https:\/\/mliqe6kzzid7.i.optimole.com\/w:1024\/h:219\/q:mauto\/f:best\/https:\/\/arin-dachner.com\/wp-content\/uploads\/2023\/02\/cropped-cropped-Maserung.jpeg 1024w, https:\/\/mliqe6kzzid7.i.optimole.com\/w:300\/h:64\/q:mauto\/f:best\/https:\/\/arin-dachner.com\/wp-content\/uploads\/2023\/02\/cropped-cropped-Maserung.jpeg 300w, https:\/\/mliqe6kzzid7.i.optimole.com\/w:150\/h:32\/q:mauto\/f:best\/https:\/\/arin-dachner.com\/wp-content\/uploads\/2023\/02\/cropped-cropped-Maserung.jpeg 150w, https:\/\/mliqe6kzzid7.i.optimole.com\/w:768\/h:164\/q:mauto\/f:best\/https:\/\/arin-dachner.com\/wp-content\/uploads\/2023\/02\/cropped-cropped-Maserung.jpeg 768w, https:\/\/mliqe6kzzid7.i.optimole.com\/w:1169\/h:250\/q:mauto\/f:best\/https:\/\/arin-dachner.com\/wp-content\/uploads\/2023\/02\/cropped-cropped-Maserung.jpeg 1169w\" sizes=\"(max-width: 1024px) 100vw, 1024px\" \/><figcaption class=\"wp-element-caption\"><sup>CC-BY Faldrian \/ jenseitsderfenster.de<\/sup><\/figcaption><\/figure>\n\n\n\n<h2 class=\"wp-block-heading\"><strong>Beratung zu DNA-Tests<\/strong><\/h2>\n\n\n\n<p>Wenn Sie einen DNA-Test gemacht haben, treten danach h\u00e4ufig weitere Fragen auf. <\/p>\n\n\n\n<ul class=\"wp-block-list\">\n<li>Was genau bedeuten die Ergebnisse? Wie aussagekr\u00e4ftig sind sie? <\/li>\n\n\n\n<li>Was l\u00e4sst sich damit sonst noch herausfinden? <\/li>\n<\/ul>\n\n\n\n<p>Auch im Voraus gibt es einige Fragen:<\/p>\n\n\n\n<ul class=\"wp-block-list\">\n<li>Welche Tests bei welchen Anbietern sind f\u00fcr Sie pers\u00f6nlich am sinnvollsten?<\/li>\n\n\n\n<li>Welche M\u00f6glichkeiten bieten diese Tests &#8211; und welche nicht?<\/li>\n<\/ul>\n\n\n\n<p>Ich berate Sie gerne dazu und kl\u00e4re diese Fragen mit Ihnen. Dies ist besonders dann zu empfehlen, wenn Sie auf der Suche nach unbekannten Verwandten sind oder nur wenig \u00fcber Ihre eigene Herkunft wissen.<br>Die Beratung kostet 25 \u20ac pro angefangener halber Stunde.<\/p>\n\n\n\n<hr class=\"wp-block-separator has-alpha-channel-opacity\"\/>\n\n\n\n<h2 class=\"wp-block-heading\"><strong>DNA-Match-Recherche<\/strong><\/h2>\n\n\n\n<p>Sie haben ein paar gute DNA-Matches (z.B. bei MyHeritage oder Ancestry) und keine Ahnung, wie diese mit Ihnen oder miteinander verwandt sind? Ich kann Ihnen helfen, es herauszufinden &#8211; manchmal sogar dann, wenn Ihr Match keinen Stammbaum hinterlegt hat.<br>F\u00fcr einen Grundbetrag von 30 \u20ac plus weitere 25 \u20ac je angefangener halber Stunde erstelle ich Ihnen einen Stammbaum f\u00fcr dieses Match. Bitte beachten Sie, dass das in der Regel nur f\u00fcr Matches aus den USA funktioniert, da dort die ben\u00f6tigten Daten \u00f6ffentlich verf\u00fcgbar sind. Eine direkte Ankn\u00fcpfung an Ihren eigenen Stammbaum wird nicht immer m\u00f6glich sein.<\/p>\n","protected":false},"excerpt":{"rendered":"<p>Bitte kontaktieren Sie mich, damit ich Ihnen ein individuelles Angebot machen kann. Ihre Anfrage ist kostenlos und selbstverst\u00e4ndlich werden alle Daten vertraulich behandelt. Stammbaumrecherche F\u00fcr die Recherche berechne ich zun\u00e4chst einen Grundbetrag von 50 \u20ac. Wir besprechen per Video oder eMail den geplanten Rechercheumfang und halten diesen in einem Vertrag fest.Die Recherche selbst kostet dann &#8230; <\/p>\n<p class=\"read-more-container\"><a title=\"Recherche und Beratung\" class=\"read-more button\" href=\"https:\/\/arin-dachner.com\/de\/uebersetzung-ihrer-alten-dokumente\/recherche-und-beratung\/#more-1222\">Read more<span class=\"screen-reader-text\">Recherche und Beratung<\/span><\/a><\/p>\n","protected":false},"author":3,"featured_media":0,"parent":16,"menu_order":1,"comment_status":"closed","ping_status":"closed","template":"","meta":{"parvati_pageheader":"","_themeisle_gutenberg_block_has_review":false,"footnotes":""},"class_list":["post-1222","page","type-page","status-publish"],"yoast_head":"<!-- This site is optimized with the Yoast SEO plugin v27.5 - https:\/\/yoast.com\/product\/yoast-seo-wordpress\/ -->\n<title>Recherche und Beratung - Arin Dachner<\/title>\n<meta name=\"description\" content=\"Ich helfe Ihnen bei der Recherche Ihres Stammbaums und berate Sie dazu, was Sie mit den Ergebnissen Ihres DNA-Tests herausfinden k\u00f6nnen.\" \/>\n<meta name=\"robots\" content=\"index, follow, max-snippet:-1, max-image-preview:large, max-video-preview:-1\" \/>\n<link rel=\"canonical\" href=\"https:\/\/arin-dachner.com\/de\/uebersetzung-ihrer-alten-dokumente\/recherche-und-beratung\/\" \/>\n<meta property=\"og:locale\" content=\"de_DE\" \/>\n<meta property=\"og:type\" content=\"article\" \/>\n<meta property=\"og:title\" content=\"Recherche und Beratung - Arin Dachner\" \/>\n<meta property=\"og:description\" content=\"Ich helfe Ihnen bei der Recherche Ihres Stammbaums und berate Sie dazu, was Sie mit den Ergebnissen Ihres DNA-Tests herausfinden k\u00f6nnen.\" \/>\n<meta property=\"og:url\" content=\"https:\/\/arin-dachner.com\/de\/uebersetzung-ihrer-alten-dokumente\/recherche-und-beratung\/\" \/>\n<meta property=\"og:site_name\" content=\"Arin Dachner\" \/>\n<meta property=\"article:modified_time\" content=\"2025-04-10T13:18:42+00:00\" \/>\n<meta property=\"og:image\" content=\"https:\/\/mliqe6kzzid7.i.optimole.com\/w:auto\/h:auto\/q:mauto\/f:best\/https:\/\/arin-dachner.com\/wp-content\/uploads\/2023\/02\/cropped-cropped-Maserung.jpeg\" \/>\n\t<meta property=\"og:image:width\" content=\"1169\" \/>\n\t<meta property=\"og:image:height\" content=\"250\" \/>\n\t<meta property=\"og:image:type\" content=\"image\/jpeg\" \/>\n<meta name=\"twitter:card\" content=\"summary_large_image\" \/>\n<meta name=\"twitter:label1\" content=\"Gesch\u00e4tzte Lesezeit\" \/>\n\t<meta name=\"twitter:data1\" content=\"3\u00a0Minuten\" \/>\n<script type=\"application\/ld+json\" class=\"yoast-schema-graph\">{\"@context\":\"https:\\\/\\\/schema.org\",\"@graph\":[{\"@type\":\"WebPage\",\"@id\":\"https:\\\/\\\/arin-dachner.com\\\/de\\\/uebersetzung-ihrer-alten-dokumente\\\/recherche-und-beratung\\\/\",\"url\":\"https:\\\/\\\/arin-dachner.com\\\/de\\\/uebersetzung-ihrer-alten-dokumente\\\/recherche-und-beratung\\\/\",\"name\":\"Recherche und Beratung - Arin Dachner\",\"isPartOf\":{\"@id\":\"https:\\\/\\\/arin-dachner.com\\\/de\\\/#website\"},\"primaryImageOfPage\":{\"@id\":\"https:\\\/\\\/arin-dachner.com\\\/de\\\/uebersetzung-ihrer-alten-dokumente\\\/recherche-und-beratung\\\/#primaryimage\"},\"image\":{\"@id\":\"https:\\\/\\\/arin-dachner.com\\\/de\\\/uebersetzung-ihrer-alten-dokumente\\\/recherche-und-beratung\\\/#primaryimage\"},\"thumbnailUrl\":\"https:\\/\\/arin-dachner.com\\/wp-content\\/uploads\\/2023\\/02\\/cropped-cropped-Maserung-1024x219.jpeg\",\"datePublished\":\"2023-02-23T13:11:32+00:00\",\"dateModified\":\"2025-04-10T13:18:42+00:00\",\"description\":\"Ich helfe Ihnen bei der Recherche Ihres Stammbaums und berate Sie dazu, was Sie mit den Ergebnissen Ihres DNA-Tests herausfinden k\u00f6nnen.\",\"breadcrumb\":{\"@id\":\"https:\\\/\\\/arin-dachner.com\\\/de\\\/uebersetzung-ihrer-alten-dokumente\\\/recherche-und-beratung\\\/#breadcrumb\"},\"inLanguage\":\"de\",\"potentialAction\":[{\"@type\":\"ReadAction\",\"target\":[\"https:\\\/\\\/arin-dachner.com\\\/de\\\/uebersetzung-ihrer-alten-dokumente\\\/recherche-und-beratung\\\/\"]}]},{\"@type\":\"ImageObject\",\"inLanguage\":\"de\",\"@id\":\"https:\\\/\\\/arin-dachner.com\\\/de\\\/uebersetzung-ihrer-alten-dokumente\\\/recherche-und-beratung\\\/#primaryimage\",\"url\":\"https:\\/\\/arin-dachner.com\\/wp-content\\/uploads\\/2023\\/02\\/cropped-cropped-Maserung-1024x219.jpeg\",\"contentUrl\":\"https:\\/\\/arin-dachner.com\\/wp-content\\/uploads\\/2023\\/02\\/cropped-cropped-Maserung-1024x219.jpeg\"},{\"@type\":\"BreadcrumbList\",\"@id\":\"https:\\\/\\\/arin-dachner.com\\\/de\\\/uebersetzung-ihrer-alten-dokumente\\\/recherche-und-beratung\\\/#breadcrumb\",\"itemListElement\":[{\"@type\":\"ListItem\",\"position\":1,\"name\":\"Startseite\",\"item\":\"https:\\\/\\\/arin-dachner.com\\\/de\\\/\"},{\"@type\":\"ListItem\",\"position\":2,\"name\":\"Recherche und Beratung\"}]},{\"@type\":\"WebSite\",\"@id\":\"https:\\\/\\\/arin-dachner.com\\\/de\\\/#website\",\"url\":\"https:\\\/\\\/arin-dachner.com\\\/de\\\/\",\"name\":\"Arin Dachner\",\"description\":\"ein neuer Blick aufs Alte\",\"potentialAction\":[{\"@type\":\"SearchAction\",\"target\":{\"@type\":\"EntryPoint\",\"urlTemplate\":\"https:\\\/\\\/arin-dachner.com\\\/de\\\/?s={search_term_string}\"},\"query-input\":{\"@type\":\"PropertyValueSpecification\",\"valueRequired\":true,\"valueName\":\"search_term_string\"}}],\"inLanguage\":\"de\"}]}<\/script>\n<!-- \/ Yoast SEO plugin. -->","yoast_head_json":{"title":"Recherche und Beratung - Arin Dachner","description":"Ich helfe Ihnen bei der Recherche Ihres Stammbaums und berate Sie dazu, was Sie mit den Ergebnissen Ihres DNA-Tests herausfinden k\u00f6nnen.","robots":{"index":"index","follow":"follow","max-snippet":"max-snippet:-1","max-image-preview":"max-image-preview:large","max-video-preview":"max-video-preview:-1"},"canonical":"https:\/\/arin-dachner.com\/de\/uebersetzung-ihrer-alten-dokumente\/recherche-und-beratung\/","og_locale":"de_DE","og_type":"article","og_title":"Recherche und Beratung - Arin Dachner","og_description":"Ich helfe Ihnen bei der Recherche Ihres Stammbaums und berate Sie dazu, was Sie mit den Ergebnissen Ihres DNA-Tests herausfinden k\u00f6nnen.","og_url":"https:\/\/arin-dachner.com\/de\/uebersetzung-ihrer-alten-dokumente\/recherche-und-beratung\/","og_site_name":"Arin Dachner","article_modified_time":"2025-04-10T13:18:42+00:00","og_image":[{"width":1169,"height":250,"url":"https:\/\/mliqe6kzzid7.i.optimole.com\/w:auto\/h:auto\/q:mauto\/f:best\/https:\/\/arin-dachner.com\/wp-content\/uploads\/2023\/02\/cropped-cropped-Maserung.jpeg","type":"image\/jpeg"}],"twitter_card":"summary_large_image","twitter_misc":{"Gesch\u00e4tzte Lesezeit":"3\u00a0Minuten"},"schema":{"@context":"https:\/\/schema.org","@graph":[{"@type":"WebPage","@id":"https:\/\/arin-dachner.com\/de\/uebersetzung-ihrer-alten-dokumente\/recherche-und-beratung\/","url":"https:\/\/arin-dachner.com\/de\/uebersetzung-ihrer-alten-dokumente\/recherche-und-beratung\/","name":"Recherche und Beratung - Arin Dachner","isPartOf":{"@id":"https:\/\/arin-dachner.com\/de\/#website"},"primaryImageOfPage":{"@id":"https:\/\/arin-dachner.com\/de\/uebersetzung-ihrer-alten-dokumente\/recherche-und-beratung\/#primaryimage"},"image":{"@id":"https:\/\/arin-dachner.com\/de\/uebersetzung-ihrer-alten-dokumente\/recherche-und-beratung\/#primaryimage"},"thumbnailUrl":"https:\/\/mliqe6kzzid7.i.optimole.com\/w:1024\/h:219\/q:mauto\/f:best\/https:\/\/arin-dachner.com\/wp-content\/uploads\/2023\/02\/cropped-cropped-Maserung.jpeg","datePublished":"2023-02-23T13:11:32+00:00","dateModified":"2025-04-10T13:18:42+00:00","description":"Ich helfe Ihnen bei der Recherche Ihres Stammbaums und berate Sie dazu, was Sie mit den Ergebnissen Ihres DNA-Tests herausfinden k\u00f6nnen.","breadcrumb":{"@id":"https:\/\/arin-dachner.com\/de\/uebersetzung-ihrer-alten-dokumente\/recherche-und-beratung\/#breadcrumb"},"inLanguage":"de","potentialAction":[{"@type":"ReadAction","target":["https:\/\/arin-dachner.com\/de\/uebersetzung-ihrer-alten-dokumente\/recherche-und-beratung\/"]}]},{"@type":"ImageObject","inLanguage":"de","@id":"https:\/\/arin-dachner.com\/de\/uebersetzung-ihrer-alten-dokumente\/recherche-und-beratung\/#primaryimage","url":"https:\/\/mliqe6kzzid7.i.optimole.com\/w:1024\/h:219\/q:mauto\/f:best\/https:\/\/arin-dachner.com\/wp-content\/uploads\/2023\/02\/cropped-cropped-Maserung.jpeg","contentUrl":"https:\/\/mliqe6kzzid7.i.optimole.com\/w:1024\/h:219\/q:mauto\/f:best\/https:\/\/arin-dachner.com\/wp-content\/uploads\/2023\/02\/cropped-cropped-Maserung.jpeg"},{"@type":"BreadcrumbList","@id":"https:\/\/arin-dachner.com\/de\/uebersetzung-ihrer-alten-dokumente\/recherche-und-beratung\/#breadcrumb","itemListElement":[{"@type":"ListItem","position":1,"name":"Startseite","item":"https:\/\/arin-dachner.com\/de\/"},{"@type":"ListItem","position":2,"name":"Recherche und Beratung"}]},{"@type":"WebSite","@id":"https:\/\/arin-dachner.com\/de\/#website","url":"https:\/\/arin-dachner.com\/de\/","name":"Arin Dachner","description":"ein neuer Blick aufs Alte","potentialAction":[{"@type":"SearchAction","target":{"@type":"EntryPoint","urlTemplate":"https:\/\/arin-dachner.com\/de\/?s={search_term_string}"},"query-input":{"@type":"PropertyValueSpecification","valueRequired":true,"valueName":"search_term_string"}}],"inLanguage":"de"}]}},"_links":{"self":[{"href":"https:\/\/arin-dachner.com\/de\/wp-json\/wp\/v2\/page\/1222","targetHints":{"allow":["GET"]}}],"collection":[{"href":"https:\/\/arin-dachner.com\/de\/wp-json\/wp\/v2\/page"}],"about":[{"href":"https:\/\/arin-dachner.com\/de\/wp-json\/wp\/v2\/types\/page"}],"author":[{"embeddable":true,"href":"https:\/\/arin-dachner.com\/de\/wp-json\/wp\/v2\/users\/3"}],"replies":[{"embeddable":true,"href":"https:\/\/arin-dachner.com\/de\/wp-json\/wp\/v2\/comments?post=1222"}],"version-history":[{"count":9,"href":"https:\/\/arin-dachner.com\/de\/wp-json\/wp\/v2\/page\/1222\/revisions"}],"predecessor-version":[{"id":1431,"href":"https:\/\/arin-dachner.com\/de\/wp-json\/wp\/v2\/page\/1222\/revisions\/1431"}],"up":[{"embeddable":true,"href":"https:\/\/arin-dachner.com\/de\/wp-json\/wp\/v2\/page\/16"}],"wp:attachment":[{"href":"https:\/\/arin-dachner.com\/de\/wp-json\/wp\/v2\/media?parent=1222"}],"curies":[{"name":"wp","href":"https:\/\/api.w.org\/{rel}","templated":true}]}}